{"id":28786,"date":"2025-12-09T11:35:25","date_gmt":"2025-12-09T11:35:25","guid":{"rendered":"https:\/\/fotografiaportugal.pt\/site\/?post_type=product&#038;p=28786"},"modified":"2025-12-09T11:38:49","modified_gmt":"2025-12-09T11:38:49","slug":"joel-santos-natal2025","status":"publish","type":"product","link":"https:\/\/fotografiaportugal.pt\/site\/shop\/fotografias\/joel-santos-natal2025\/","title":{"rendered":"JOEL SANTOS &#8211; NATAL\u20192025"},"content":{"rendered":"<p>Ofere\u00e7a momentos de Luz neste Natal:<\/p>\n<p>Fotografia assinada e impressa em papel Fine Art, tamanho aprox. 30*40 cm (com margens), pelo pre\u00e7o \u00fanico de 98,99 Eur (IVA e transportes inclu\u00eddos). Pre\u00e7o anterior: 149,00 Eur<\/p>\n<p>Encomendas com <em>indica\u00e7\u00e3o da fotografia selecionada:<\/em><\/p>\n<ul>\n<li><em>Guerreiro Dani, Papua Ocidental, Indon\u00e9sia<\/em><\/li>\n<li><em>Medita\u00e7\u00e3o, Guilin, China<\/em><\/li>\n<li><em>Pescador com corvos marinhos, Xing Ping, China<\/em><\/li>\n<li><em>Deserto do Thar, Rajast\u00e3o, \u00cdndia<\/em><\/li>\n<\/ul>\n<p><em>\u00a0<\/em>Envios por correio-expresso (em tubo de cart\u00e3o) apenas para Portugal.<\/p>\n<p>Campanha limitada ao stock existente e v\u00e1lida at\u00e9 15 de janeiro de 2026.<\/p>\n","protected":false},"excerpt":{"rendered":"<p>Ofere\u00e7a momentos de Luz neste Natal: Fotografia assinada e impressa em papel Fine Art, tamanho aprox. 30*40 cm (com margens), pelo pre\u00e7o \u00fanico de 98,99 Eur (IVA e transportes inclu\u00eddos). Pre\u00e7o anterior: 149,00 Eur Encomendas com indica\u00e7\u00e3o da fotografia selecionada: Guerreiro Dani, Papua Ocidental, Indon\u00e9sia Medita\u00e7\u00e3o, Guilin, China Pescador com corvos marinhos, Xing Ping, China [&hellip;]<\/p>\n","protected":false},"featured_media":28787,"comment_status":"closed","ping_status":"closed","template":"","meta":[],"product_brand":[],"product_cat":[10,146,180],"product_tag":[],"class_list":{"0":"post-28786","1":"product","2":"type-product","3":"status-publish","4":"has-post-thumbnail","6":"product_cat-fotografias","7":"product_cat-joel-santos","8":"product_cat-natal","10":"first","11":"instock","12":"sale","13":"shipping-taxable","14":"purchasable","15":"product-type-variable"},"_links":{"self":[{"href":"https:\/\/fotografiaportugal.pt\/site\/wp-json\/wp\/v2\/product\/28786","targetHints":{"allow":["GET"]}}],"collection":[{"href":"https:\/\/fotografiaportugal.pt\/site\/wp-json\/wp\/v2\/product"}],"about":[{"href":"https:\/\/fotografiaportugal.pt\/site\/wp-json\/wp\/v2\/types\/product"}],"replies":[{"embeddable":true,"href":"https:\/\/fotografiaportugal.pt\/site\/wp-json\/wp\/v2\/comments?post=28786"}],"wp:featuredmedia":[{"embeddable":true,"href":"https:\/\/fotografiaportugal.pt\/site\/wp-json\/wp\/v2\/media\/28787"}],"wp:attachment":[{"href":"https:\/\/fotografiaportugal.pt\/site\/wp-json\/wp\/v2\/media?parent=28786"}],"wp:term":[{"taxonomy":"product_brand","embeddable":true,"href":"https:\/\/fotografiaportugal.pt\/site\/wp-json\/wp\/v2\/product_brand?post=28786"},{"taxonomy":"product_cat","embeddable":true,"href":"https:\/\/fotografiaportugal.pt\/site\/wp-json\/wp\/v2\/product_cat?post=28786"},{"taxonomy":"product_tag","embeddable":true,"href":"https:\/\/fotografiaportugal.pt\/site\/wp-json\/wp\/v2\/product_tag?post=28786"}],"curies":[{"name":"wp","href":"https:\/\/api.w.org\/{rel}","templated":true}]}}