{"id":372,"date":"2015-04-19T13:21:51","date_gmt":"2015-04-19T13:21:51","guid":{"rendered":"http:\/\/fotografiaportugal.pt\/site\/?post_type=product&#038;p=372"},"modified":"2018-11-28T18:58:46","modified_gmt":"2018-11-28T18:58:46","slug":"braga-top-secret-segredos-de-braga","status":"publish","type":"product","link":"https:\/\/fotografiaportugal.pt\/site\/shop\/sem-categoria\/braga-top-secret-segredos-de-braga\/","title":{"rendered":"BRAGA TOP-SECRET \u2013 SEGREDOS DE BRAGA"},"content":{"rendered":"<p><img loading=\"lazy\" decoding=\"async\" class=\"alignnone size-medium wp-image-373\" src=\"https:\/\/fotografiaportugal.pt\/site\/wp-content\/uploads\/2015\/04\/banner-Braga_TOP_Secret-300x51.jpg\" alt=\"banner-Braga_TOP_Secret\" width=\"300\" height=\"51\" srcset=\"https:\/\/fotografiaportugal.pt\/site\/wp-content\/uploads\/2015\/04\/banner-Braga_TOP_Secret-300x51.jpg 300w, https:\/\/fotografiaportugal.pt\/site\/wp-content\/uploads\/2015\/04\/banner-Braga_TOP_Secret-372x63.jpg 372w, https:\/\/fotografiaportugal.pt\/site\/wp-content\/uploads\/2015\/04\/banner-Braga_TOP_Secret.jpg 950w\" sizes=\"auto, (max-width: 300px) 100vw, 300px\" \/><\/p>\n<h3 align=\"justify\">Todas as cidades t\u00eam os seus segredos. Nesta obra, os autores do <i>best-seller<\/i> \u00abBraga de\/by Andr\u00e9 Soares\u00bb revelam mais de 50 fant\u00e1sticos <b>segredos de Braga<\/b> que ir\u00e1 querer conhecer. Com este livro vai poder descobrir esplendorosas igrejas e capelas de acesso muito restrito, documentos com muitas centenas de anos (um deles assinado pelo nosso primeiro rei), espantosas claraboias de casas particulares, vest\u00edgios da romana Bracara Augusta, \u00e1rvores centen\u00e1rias, arquivos e museus que n\u00e3o sabia existir, e, entre outros segredos, iguarias secretas que, tal como este livro, vai querer saborear.<\/h3>\n<table id=\"table\" border=\"0\" width=\"100%\" cellpadding=\"2\">\n<tbody>\n<tr>\n<td><a href=\"https:\/\/fotografiaportugal.pt\/site\/wp-content\/uploads\/2015\/04\/bragatopsecret-capa-MR-2aedicao.jpg\"><img loading=\"lazy\" decoding=\"async\" class=\"alignnone size-medium wp-image-1333\" src=\"https:\/\/fotografiaportugal.pt\/site\/wp-content\/uploads\/2015\/04\/bragatopsecret-capa-MR-2aedicao-199x300.jpg\" alt=\"bragatopsecret-capa-MR-2aedicao\" width=\"199\" height=\"300\" srcset=\"https:\/\/fotografiaportugal.pt\/site\/wp-content\/uploads\/2015\/04\/bragatopsecret-capa-MR-2aedicao-199x300.jpg 199w, https:\/\/fotografiaportugal.pt\/site\/wp-content\/uploads\/2015\/04\/bragatopsecret-capa-MR-2aedicao-123x186.jpg 123w, https:\/\/fotografiaportugal.pt\/site\/wp-content\/uploads\/2015\/04\/bragatopsecret-capa-MR-2aedicao.jpg 338w, https:\/\/fotografiaportugal.pt\/site\/wp-content\/uploads\/2015\/04\/bragatopsecret-capa-MR-2aedicao-66x100.jpg 66w\" sizes=\"auto, (max-width: 199px) 100vw, 199px\" \/><\/a><\/td>\n<\/tr>\n<tr>\n<td><b>BRAGA TOP-SECRET \u2013 SEGREDOS DE BRAGA<\/b><\/p>\n<table id=\"table190\" border=\"0\" width=\"100%\" cellspacing=\"0\">\n<tbody>\n<tr>\n<td valign=\"top\" width=\"97%\"><small><span style=\"color: #975726;\">Texto e Coordena\u00e7\u00e3o:<\/span>\u00a0Eduardo Pires de Oliveira<\/small><\/td>\n<\/tr>\n<tr>\n<td width=\"97%\"><small><span style=\"color: #975726;\">Fotografia:<\/span> Lib\u00f3rio Manuel Silva<\/small><\/td>\n<\/tr>\n<tr>\n<td width=\"97%\"><small><span style=\"color: #975726;\">P\u00e1gs:<\/span> <\/small>144<\/td>\n<\/tr>\n<tr>\n<td width=\"97%\"><small><span style=\"color: #975726;\">ISBN:<\/span> 978-989-615-196-6<\/small><\/td>\n<\/tr>\n<tr>\n<td width=\"97%\"><small><span style=\"color: #975726;\">1.\u00aa Edi\u00e7\u00e3o: <\/span>Out\/2014 (esgotada) \/ 2<span style=\"color: #975726;\">.\u00aa Edi\u00e7\u00e3o: <\/span>Set\/2015<\/small><\/td>\n<\/tr>\n<tr>\n<td width=\"97%\"><span style=\"color: #975726;\">PVP: <\/span><small>14,00 EUR<\/small><\/td>\n<\/tr>\n<\/tbody>\n<\/table>\n<\/td>\n<\/tr>\n<\/tbody>\n<\/table>\n<h4><img decoding=\"async\" src=\"http:\/\/www.centroatl.pt\/titulos\/bolso\/bragatopsecret\/imagens\/segredos.gif\" alt=\"\" width=\"170\" border=\"0\" \/><\/h4>\n<p>Segredos s\u00e3o as coisas escondidas, o que est\u00e1 fora do nosso alcance imediato.<\/p>\n<p>Segredos n\u00e3o s\u00e3o o que os olhos n\u00e3o veem. Segredos s\u00e3o o que os olhos veem e a alma n\u00e3o entende; e como n\u00e3o entende os olhos n\u00e3o veem.<\/p>\n<p>Segredos s\u00e3o o que est\u00e1 a descoberto e n\u00e3o vemos.<\/p>\n<p>Segredos s\u00e3o aquilo que n\u00e3o sabemos, mesmo que queiramos saber.<\/p>\n<p>Segredos s\u00e3o um prazer porque s\u00e3o um desafio, um caminho para a alegria da descoberta.<\/p>\n<p><i>Eduardo Pires de Oliveira<\/i><\/p>\n<p>&nbsp;<\/p>\n<h4>AUTORES<\/h4>\n<table border=\"0\" width=\"100%\" cellpadding=\"2\">\n<tbody>\n<tr>\n<td valign=\"top\">\n<p align=\"justify\"><b>Eduardo Pires de Oliveira<\/b>. Braga, 1950<br \/>\nDoutorado em Hist\u00f3ria de Arte pela Faculdade de Letras da Universidade do Porto com o tema \u201c<i>Andr\u00e9 Soares e o rococ\u00f3 do Minho<\/i>\u201d. Pr\u00e9mio Jos\u00e9 de Figueiredo (Academia Nacional de Belas Artes, 1994). Autor de mais de 170 livros e artigos cient\u00edficos de que se destacam: <i>Braga. <\/i>\u00a0<a href=\"http:\/\/www.centroatl.pt\/titulos\/artes\/andresoares\/index.html\">Braga de<i>\/by <\/i>Andr\u00e9 Soares<\/a><i>; Percursos e mem\u00f3rias de granito e ouro<\/i>(1999); <i>O Convento do Salvador, Braga<\/i> (1994); e <i>Braga. Evolu\u00e7\u00e3o da estrutura urbana<\/i> (de col. com Eduardo Souto Moura e Jo\u00e3o Mesquita, 1982). Investigador Integrado do Instituto de Hist\u00f3ria de Arte \u2013 Faculdade de Letras da Universidade de Lisboa. Temas principais de trabalho: <i>Barroco e rococ\u00f3 no Minho<\/i> e <i>A di\u00e1spora dos artistas minhotos pelo mundo nos s\u00e9culos XVII e XVIII<\/i>.<\/p>\n<\/td>\n<\/tr>\n<\/tbody>\n<\/table>\n<table border=\"0\" width=\"100%\" cellpadding=\"2\">\n<tbody>\n<tr>\n<td valign=\"top\" width=\"367\">\n<p align=\"justify\"><img loading=\"lazy\" decoding=\"async\" src=\"http:\/\/www.centroatl.pt\/titulos\/artes\/andresoares\/imagens\/autores200.jpg\" alt=\"\" width=\"200\" height=\"200\" border=\"1\" \/><\/p>\n<\/td>\n<\/tr>\n<\/tbody>\n<\/table>\n<table border=\"0\" width=\"100%\" cellpadding=\"2\">\n<tbody>\n<tr>\n<td valign=\"top\">\n<p align=\"justify\"><b>Lib\u00f3rio Manuel Silva<\/b>. Braga, 1964<br \/>\nEditor, desde 1995, e autor de mais de 20 livros (<i><a href=\"http:\/\/www.centroatl.pt\/titulos\/artes\/bibliotecas\/index.html\">Bibliotecas \u2013 Maravilhas de Portugal<\/a><\/i>, <a href=\"http:\/\/www.centroatl.pt\/titulos\/artes\/andresoares\/index.html\">Braga de<i>\/by <\/i>Andr\u00e9 Soares<\/a><i>,<\/i>\u00a0<i>\u00a0<a href=\"http:\/\/www.centroatl.pt\/titulos\/desafios\/naucatrineta\/index.html\">A Nau Catrineta e a Hist\u00f3ria Tr\u00e1gico-Mar\u00edtima: Li\u00e7\u00f5es de Lideran\u00e7a<\/a><\/i>, <i><a href=\"http:\/\/www.centroatl.pt\/titulos\/desafios\/desassossego\/index.html\">palavras do Livro do Desassossego<\/a><\/i>, &#8230;) e 100 artigos publicados nos principais jornais e revistas portugueses. Tem dez anos de experi\u00eancia como docente no ensino superior, uma p\u00f3s-gradua\u00e7\u00e3o em Gest\u00e3o, uma outra, internacional (EUA, Fran\u00e7a, Coreia do Sul e Jap\u00e3o), em Excel\u00eancia nos Servi\u00e7os e ainda a frequ\u00eancia num MBA de Com\u00e9rcio Internacional.<br \/>\nPartilha a sua fotografia sobre livros em <a href=\"http:\/\/www.booksphotography.net\/\">www.booksphotography.net<\/a><br \/>\nOs seus dois filhos s\u00e3o a sua principal fonte de inspira\u00e7\u00e3o.<\/p>\n<\/td>\n<\/tr>\n<\/tbody>\n<\/table>\n<table border=\"0\" width=\"100%\" cellspacing=\"0\" cellpadding=\"0\">\n<tbody>\n<tr>\n<td height=\"400\"><b><img loading=\"lazy\" decoding=\"async\" src=\"http:\/\/www.centroatl.pt\/titulos\/bolso\/bragatopsecret\/imagens\/bragats-visao-2abr2015.jpg\" alt=\"\" width=\"250\" height=\"333\" align=\"left\" border=\"1\" hspace=\"4\" vspace=\"2\" \/><\/b><\/p>\n<p align=\"justify\"><b>Os Segredos de Braga<\/b><br \/>\nSeguindo as p\u00e1ginas do livro &#8216;Braga Top-Secret&#8217;, um passeio pela hist\u00f3ria e pelo patrim\u00f3nio sagrado da cidade.<br \/>\n\u00c0 boleia do autor de &#8216;Braga Top-Secret&#8217;, fomos \u00e0 procura dos segredos da cidade, muitos dos quais est\u00e3o guardados a sete chaves. E, tal como no livro, tamb\u00e9m n\u00f3s nos deslumbr\u00e1mos com a alegria da descoberta.\u00bb<br \/>\n<i><b>VIS\u00c3O<\/b>, 2 de Abril de 2015 <\/i><\/p>\n<\/td>\n<\/tr>\n<\/tbody>\n<\/table>\n<table border=\"0\" width=\"100%\" cellpadding=\"2\">\n<tbody>\n<tr>\n<td valign=\"top\">\n<p align=\"justify\"><b><img loading=\"lazy\" decoding=\"async\" src=\"http:\/\/www.centroatl.pt\/titulos\/bolso\/bragatopsecret\/imagens\/braga-noticia-publico-22dez2014-200.jpg\" alt=\"\" width=\"200\" height=\"239\" align=\"left\" border=\"1\" \/><\/b><\/p>\n<p align=\"justify\"><b>Quantos segredos tem Braga?<br \/>\nNeste livro desvendam-se 56<\/b><br \/>\nO livro \u00abBraga Top-Secret\u00bb mostra a cidade al\u00e9m do \u00f3bvio e prop\u00f5e um novo olhar sobre muitos dos lugares por onde se passa todos os dias e uma incurs\u00e3o pelo seu patrim\u00f3nio imaterial.<br \/>\n<i><b>P\u00fablico,<\/b> 22 de Dezembro de 2014<\/i><\/p>\n<\/td>\n<\/tr>\n<\/tbody>\n<\/table>\n<table border=\"0\" width=\"100%\" cellpadding=\"2\">\n<tbody>\n<tr>\n<td valign=\"top\">\n<p align=\"justify\"><a title=\"http:\/\/bit.ly\/136z8Vm\" href=\"http:\/\/bit.ly\/136z8Vm\" target=\"_blank\" rel=\"noopener\"><img loading=\"lazy\" decoding=\"async\" src=\"http:\/\/www.centroatl.pt\/titulos\/bolso\/bragatopsecret\/imagens\/bragats-sicmulher-4dez2014-200.jpg\" alt=\"\" width=\"200\" height=\"150\" align=\"left\" border=\"1\" \/><\/a><\/p>\n<p align=\"justify\"><b>Uma ideia maravilhosa<\/b><br \/>\nOs autores descobriram 56 segredos em Braga que nem n\u00e3o conhece vai adorar.<br \/>\n<i><b>SIC Mulher<\/b>, <b>Mais Mulher<\/b>, 4 de Dezembro de 2014<\/i><br \/>\n(ver a partir do minuto 16:00, em <a href=\"http:\/\/bit.ly\/136z8Vm\">http:\/\/bit.ly\/136z8Vm<\/a>)<\/p>\n<\/td>\n<\/tr>\n<\/tbody>\n<\/table>\n<table border=\"0\" width=\"100%\" cellpadding=\"2\">\n<tbody>\n<tr>\n<td valign=\"top\">\n<p align=\"justify\">\u00a0<b>Carta para o Pai Natal<\/b><br \/>\nAp\u00f3s \u00abBraga de\/by Andr\u00e9 Soares\u00bb, Eduardo Pires de Oliveira e Lib\u00f3rio Manuel Silva est\u00e3o de regresso para desvendar os segredos de Braga, cerca de 50 no total. O livro \u00e9 realmente uma descoberta, j\u00e1 que os autores revelam alguns dos locais desconhecidos da cidade minhota, de pontos e s\u00edtios que muitas vezes ignoramos por completo ou que s\u00f3 os conhecemos do seu exterior. Arquitetura, flora, cal\u00e7ado, gastronomia, etc. Nada foi ignorado por Eduardo Pires de Oliveira e fotografias de Lib\u00f3rio Manuel Silva, que apresentam uma obra de uma simplicidade audaz, mas bastante diversa em termos de conte\u00fados. Aquando do t\u00e9rmino do livro, o desejo imediato \u00e9 de apanhar o carro e partir para Braga, para descobrir in loco os 56 segredos revelados pelos autores. \u00abEste livro \u00e9 um desafio a que conhe\u00e7a melhor a cidade de Braga. Desafio a procurar descobrir as chaves que permitem abrir as portas para penetrar nos segredos aqui tratados; se o fizer vai ver que s\u00f3 por essa atitude ficar\u00e1 a conhecer muito melhor esta cidade.\u00bb<br \/>\n<i><b>Di\u00e1rio Digital<\/b>, 11 de dezembro de 2014<\/i><\/p>\n<\/td>\n<\/tr>\n<\/tbody>\n<\/table>\n<table border=\"0\" width=\"100%\" cellpadding=\"2\">\n<tbody>\n<tr>\n<td valign=\"top\"><img loading=\"lazy\" decoding=\"async\" src=\"http:\/\/www.centroatl.pt\/titulos\/bolso\/bragatopsecret\/imagens\/bragats-diariodominho-cultura-nov2014.jpg\" alt=\"\" width=\"300\" height=\"382\" align=\"left\" border=\"1\" \/><\/p>\n<p align=\"justify\">Segredos de Braga<br \/>\nA apresenta\u00e7\u00e3o da obra \u201cSegredos de Braga\u201d (editada pelo Centro Atl\u00e2ntico), no dia 25 de outubro, \u201clotou\u201d por completo a Casa Cunha Reis, em Braga, e o restaurante \u201cMartins\u201d, em Tib\u00e3es. Neste \u00faltimo local, os participantes tiveram a oportunidade de saborear uma ma\u00e7\u00e3 assada porta-da-loja (embebida em verde tinto) \u2013 um dos \u201csegredos\u201d de que se fala neste livro, que constitui um verdadeiro \u201cguia tur\u00edstico\u201d desta regi\u00e3o.<br \/>\n<i><b>Di\u00e1rio do Minho<\/b>, 5 de Novembro<\/i><\/p>\n<\/td>\n<\/tr>\n<\/tbody>\n<\/table>\n","protected":false},"excerpt":{"rendered":"<p>Todas as cidades t\u00eam os seus segredos. Nesta obra, os autores do best-seller \u00abBraga de\/by Andr\u00e9 Soares\u00bb revelam mais de 50 fant\u00e1sticos segredos de Braga que ir\u00e1 querer conhecer. Com este livro vai poder descobrir esplendorosas igrejas e capelas de acesso muito restrito, documentos com muitas centenas de anos (um deles assinado pelo nosso primeiro rei), espantosas claraboias de casas particulares, vest\u00edgios da romana Bracara Augusta, \u00e1rvores centen\u00e1rias, arquivos e museus que n\u00e3o sabia existir, e, entre outros segredos, iguarias secretas que, tal como este livro, vai querer saborear.<\/p>\n","protected":false},"featured_media":1335,"comment_status":"closed","ping_status":"closed","template":"","meta":[],"product_brand":[],"product_cat":[244],"product_tag":[35,36,31,37,20,38],"class_list":{"0":"post-372","1":"product","2":"type-product","3":"status-publish","4":"has-post-thumbnail","6":"product_cat-sem-categoria","7":"product_tag-arquitectura","8":"product_tag-bolso","9":"product_tag-braga","10":"product_tag-guia","11":"product_tag-imagem","12":"product_tag-segredos","14":"first","15":"outofstock","16":"shipping-taxable","17":"purchasable","18":"product-type-simple"},"_links":{"self":[{"href":"https:\/\/fotografiaportugal.pt\/site\/wp-json\/wp\/v2\/product\/372","targetHints":{"allow":["GET"]}}],"collection":[{"href":"https:\/\/fotografiaportugal.pt\/site\/wp-json\/wp\/v2\/product"}],"about":[{"href":"https:\/\/fotografiaportugal.pt\/site\/wp-json\/wp\/v2\/types\/product"}],"replies":[{"embeddable":true,"href":"https:\/\/fotografiaportugal.pt\/site\/wp-json\/wp\/v2\/comments?post=372"}],"wp:featuredmedia":[{"embeddable":true,"href":"https:\/\/fotografiaportugal.pt\/site\/wp-json\/wp\/v2\/media\/1335"}],"wp:attachment":[{"href":"https:\/\/fotografiaportugal.pt\/site\/wp-json\/wp\/v2\/media?parent=372"}],"wp:term":[{"taxonomy":"product_brand","embeddable":true,"href":"https:\/\/fotografiaportugal.pt\/site\/wp-json\/wp\/v2\/product_brand?post=372"},{"taxonomy":"product_cat","embeddable":true,"href":"https:\/\/fotografiaportugal.pt\/site\/wp-json\/wp\/v2\/product_cat?post=372"},{"taxonomy":"product_tag","embeddable":true,"href":"https:\/\/fotografiaportugal.pt\/site\/wp-json\/wp\/v2\/product_tag?post=372"}],"curies":[{"name":"wp","href":"https:\/\/api.w.org\/{rel}","templated":true}]}}