{"id":393,"date":"2015-04-20T22:09:49","date_gmt":"2015-04-20T22:09:49","guid":{"rendered":"http:\/\/fotografiaportugal.pt\/site\/?post_type=product&#038;p=393"},"modified":"2021-11-15T20:03:40","modified_gmt":"2021-11-15T20:03:40","slug":"um-mundo-deste-tamanho-2a-edicao","status":"publish","type":"product","link":"https:\/\/fotografiaportugal.pt\/site\/shop\/livros\/um-mundo-deste-tamanho-2a-edicao\/","title":{"rendered":"Um Mundo deste tamanho (2\u00aa edi\u00e7\u00e3o)"},"content":{"rendered":"<table id=\"table50\" border=\"0\" width=\"100%\" cellspacing=\"0\" cellpadding=\"0\">\n<tbody>\n<tr>\n<td valign=\"top\" width=\"130\"><img decoding=\"async\" src=\"http:\/\/www.centroatl.pt\/titulos\/ciencia\/imagens\/mundodestetamanho130.jpg\" alt=\"\" width=\"130\" border=\"0\" \/><\/p>\n<table id=\"table51\" border=\"0\" width=\"100%\" cellpadding=\"0\">\n<tbody>\n<tr>\n<td><b>Consulte:<\/b><\/td>\n<\/tr>\n<tr>\n<td valign=\"top\" height=\"33\">\n<p align=\"left\"><span style=\"color: #249ad0;\">\u00bb <\/span><b><small><a href=\"http:\/\/www.centroatl.pt\/titulos\/ciencia\/imagens\/excerto-livro-ca-ummundodestetamanho.pdf\">Excerto em PDF<\/a><\/small><\/b><br \/>\n<span style=\"color: #666666;\">\u00a0\u00a0\u00a0\u00a0\u00a0\u00a0(2,56 MB)<\/span><\/p>\n<\/td>\n<\/tr>\n<\/tbody>\n<\/table>\n<\/td>\n<td valign=\"top\" width=\"282\">\n<table id=\"table52\" border=\"0\" width=\"100%\">\n<tbody>\n<tr>\n<td><b><b>Um Mundo deste tamanho &#8211; 2\u00aa Edi\u00e7\u00e3o<\/b><\/b><\/p>\n<p><strong>Autor:<\/strong>\u00a0Pedro Cotrim<\/p>\n<p><b>P\u00e1ginas:<\/b> 208<\/p>\n<p><b>2\u00aa Edi\u00e7\u00e3o:<\/b> out\/2014<\/p>\n<p><b>ISBN:<\/b> 978-989-615-195-9<\/p>\n<p><b>Colec\u00e7\u00e3o:<\/b> <span style=\"text-decoration: underline;\">Ci\u00eancia<\/span><\/td>\n<\/tr>\n<\/tbody>\n<\/table>\n<\/td>\n<\/tr>\n<\/tbody>\n<\/table>\n<table width=\"630\">\n<tbody>\n<tr>\n<td>\n<table width=\"100%\">\n<tbody>\n<tr>\n<td colspan=\"2\" width=\"412\">\n<table width=\"375\">\n<tbody>\n<tr>\n<td>\n<table width=\"99%\">\n<tbody>\n<tr>\n<td>\n<h5><strong>CAOS E COLIS\u00d5ES \u2014 A BUSCA DE MUNDOS MAIS PEQUENOS E O DIA DO JU\u00cdZO FINAL<\/strong><\/h5>\n<\/td>\n<\/tr>\n<\/tbody>\n<\/table>\n<\/td>\n<\/tr>\n<\/tbody>\n<\/table>\n<\/td>\n<\/tr>\n<\/tbody>\n<\/table>\n<\/td>\n<\/tr>\n<\/tbody>\n<\/table>\n<table width=\"630\">\n<tbody>\n<tr>\n<td><strong> Introdu\u00e7\u00e3o<\/strong>Quando \u00e9 que viu um c\u00e9u estrelado pela \u00faltima vez? Ainda se recorda do que sentiu?Neste livro, as grandes quest\u00f5es colocadas pela contempla\u00e7\u00e3o do firmamento e pelos fen\u00f3menos que atemorizaram ou encantaram os nossos antepassados s\u00e3o acompanhadas pelo enquadramento hist\u00f3rico das \u00e9pocas em que estas interroga\u00e7\u00f5es foram colocadas. A compreens\u00e3o da ab\u00f3bada que, desde sempre, se sobrep\u00f4s a todos os que viveram no nosso planeta exigiu muita persist\u00eancia, dedica\u00e7\u00e3o e uma inquebrant\u00e1vel vontade de saber sempre mais, muito mais.O que importa realmente \u00e9 a curiosidade por tudo o que nos rodeia num mundo que nunca ir\u00e1 cessar de nos maravilhar. Para isso, apenas precisamos de olhos bem abertos e de um esp\u00edrito um pouco irrequieto: a aventura est\u00e1 a\u00ed, para todos os que quiserem \u00absaltar a bordo\u00bb.Embarque nesta viagem pelo universo e pela hist\u00f3ria do conhecimento. Reconhe\u00e7a e perceba melhor tudo o que est\u00e1 \u00e0 sua volta; surpreenda-se com o \u00abseu mundo\u00bb e com o papel \u00fanico que pode desempenhar na incr\u00edvel hist\u00f3ria da humanidade.<strong>\u00cdndice <\/strong><\/p>\n<table width=\"100%\">\n<tbody>\n<tr>\n<td width=\"14\"><strong>01<\/strong><\/td>\n<td>PREF\u00c1CIO<\/td>\n<\/tr>\n<tr>\n<td width=\"14\"><strong>02<\/strong><\/td>\n<td><strong>PR\u00d3LOGO<\/strong> \u2014 UMA DICOTOMIA ANCESTRAL\u2026<\/td>\n<\/tr>\n<tr>\n<td width=\"14\"><strong>03<\/strong><\/td>\n<td><strong>A TERRA DOS NOSSOS ANTEPASSADOS<\/strong><br \/>\nGigantes da Gr\u00e9cia Antiga<br \/>\nPrimeiras grandes evid\u00eancias experimentais<br \/>\nJ\u00falio Verne: escritor vision\u00e1rio e invulgarmente imaginativo<\/td>\n<\/tr>\n<tr>\n<td width=\"14\"><strong>04<\/strong><\/td>\n<td><strong>MUITOS PONTINHOS BRILHANTES\u2026<br \/>\n<\/strong>A medida do brilho das estrelas e dos fen\u00f3menos astron\u00f3micos \u2014 a magnitude<br \/>\nConstela\u00e7\u00f5es e agrupamentos de estrelas<\/td>\n<\/tr>\n<tr>\n<td width=\"14\"><strong>05<\/strong><\/td>\n<td><strong>OS ARES E OS JARDINS DA NOSSA VIZINHAN\u00c7A MAIS PR\u00d3XIMA<\/strong><br \/>\n\u00abChuvas de estrelas\u00bb<br \/>\nA nossa Terra e a nossa Lua \u2014 um equil\u00edbrio perfeito<br \/>\nCores e mais cores \u2014 e ainda para al\u00e9m delas<br \/>\nA \u00e1gua quente sai da torneira vermelha, certo?<br \/>\nUm pequeno Sistema Solar<br \/>\nUrano \u2014 o primeiro planeta moderno<br \/>\nPlut\u00e3o \u2014 um pequeno grande planeta!<\/td>\n<\/tr>\n<tr>\n<td width=\"14\"><strong>06<\/strong><\/td>\n<td><strong>OUTRAS FORMAS DE VIDA E ALGUNS MITOS MAIS OU MENOS MODERNOS<\/strong><br \/>\nO mito marciano \u2014 t\u00e3o grande como a Lua Cheia?<br \/>\nUm Marte de p\u00f4r tudo o que \u00e9 cabelo em p\u00e9!<br \/>\nLittle Green Men<\/td>\n<\/tr>\n<tr>\n<td width=\"14\"><strong>07<\/strong><\/td>\n<td><strong>A G\u00c9NESE DA VIDA<br \/>\n<\/strong>A g\u00e9nese dos elementos<br \/>\nOrigem do Sistema Solar<br \/>\nOs oceanos \u2014 as incubadoras da vida na Terra<br \/>\nPlanetas noutros sistemas solares<\/td>\n<\/tr>\n<tr>\n<td width=\"14\"><strong>08<\/strong><\/td>\n<td><strong>A AVENTURA DO ESPA\u00c7O, DA LUA E UMA CORRIDA DE LOUCOS <\/strong><br \/>\nConquista da Lua<br \/>\nMoon Hoax<br \/>\nO espa\u00e7o para quem quiser l\u00e1 ir \u2014 em breve?<br \/>\nTelesc\u00f3pios<\/td>\n<\/tr>\n<tr>\n<td width=\"14\"><strong>09<\/strong><\/td>\n<td><strong>MUITO PARA AL\u00c9M DO SISTEMA SOLAR <\/strong><br \/>\nA nossa gal\u00e1xia<br \/>\nPara l\u00e1 da nossa gal\u00e1xia<\/td>\n<\/tr>\n<tr>\n<td width=\"14\"><strong>10<\/strong><\/td>\n<td><strong>CREN\u00c7AS E MITOS DO PASSADO, E OS ASTROS NA LITERATURA PORTUGUESA<\/strong><br \/>\nUm Stonehenge portugu\u00eas \u2014 o Cromeleque dos Almendres<br \/>\nSignos: do destino, da personalidade, da fortuna\u2026 e de que mais?<br \/>\nUm grande poema astron\u00f3mico portugu\u00eas<br \/>\nFernando Pessoa e a Quest\u00e3o Astrol\u00f3gica e Esot\u00e9rica<\/td>\n<\/tr>\n<tr>\n<td width=\"14\"><strong>11<\/strong><\/td>\n<td><strong>CAOS E COLIS\u00d5ES \u2014 A BUSCA DE MUNDOS MAIS PEQUENOS E O DIA DO JU\u00cdZO FINAL <\/strong><br \/>\n\u00c0 procura de fantasmas ou de coisas que nos podem transformar em fantasmas \u2014 O maravilhoso cat\u00e1logo de Charles Messier<br \/>\nUm impacto do outro mundo \u2014 Tunguska<br \/>\nOs cometas \u2014 visitas de longe, longe\u2026<br \/>\nHalley \u2014 o homem e o cometa<br \/>\nNa cauda do cometa<br \/>\n2012<\/td>\n<\/tr>\n<tr>\n<td width=\"14\"><strong>12<\/strong><\/td>\n<td><strong>EP\u00cdLOGO<\/strong><br \/>\nCr\u00e9ditos das imagens<br \/>\nAgradecimentos<\/td>\n<\/tr>\n<\/tbody>\n<\/table>\n<p><strong> Autor <\/strong><\/p>\n<p><strong>Pedro Cotrim<\/strong> (Lisboa, 1970) tem licenciaturas em Engenharia Civil, pelo Instituto Superior T\u00e9cnico, e em Qu\u00edmica Org\u00e2nica, pela Universidade Nova de Lisboa.<\/p>\n<p>Astr\u00f3nomo amador h\u00e1 mais de 20 anos, realizou in\u00fameras observa\u00e7\u00f5es astron\u00f3micas e palestras sobre astronomia e ci\u00eancia para audi\u00eancias como a British Historical Society, a American Society of Journalists and Authors, a Canon e a Kodak, bem como <em>workshops<\/em> de ci\u00eancia para crian\u00e7as de todas as idades.<\/p>\n<p>Participa regularmente no programa <em>Ci\u00eancia Viva<\/em>, organizado pelo Minist\u00e9rio da Ci\u00eancia e Tecnologia, e foi um dos colaboradores portugueses na celebra\u00e7\u00e3o do <em>Ano Internacional da Astronomia<\/em>, ocorrida em 2009.<\/p>\n<p>Habituado a ouvir todo o tipo de perguntas sobre os fen\u00f3menos astron\u00f3micos, reuniu e abordou neste livro uma boa parte das quest\u00f5es que lhe foram colocadas ao longo destes anos.<\/p>\n<p><strong> Coment\u00e1rios <\/strong><\/p>\n<p>Livro comprado e lido de uma vez! H\u00e1 muito que um livro n\u00e3o me &#8220;agarrava&#8221; desta forma. Temas complicados tratados de uma forma incrivelmente acess\u00edvel. Um texto brilhante a todos os n\u00edveis &#8211; metaf\u00f3rico, narrativo, estrutural e hist\u00f3rico &#8211; que impede o leitor de largar o livro enquanto n\u00e3o chegar \u00e0 \u00faltima p\u00e1gina. Encadernamento, pagina\u00e7\u00e3o e ilustra\u00e7\u00f5es a condizer. Um livro do outro mundo! Um livro de sonho, um objecto arrebatador em todos os aspectos!<\/p>\n<p>Muitos, muitos e muitos parab\u00e9ns \ud83d\ude42<\/p>\n<p>Maiores cumprimentos<br \/>\n<strong>Isabel Travassos<br \/>\n<\/strong><em>\u00a0 Professora do ensino b\u00e1sico &#8211; uma leitura j\u00e1 recomendada a colegas e alunos<\/em><\/p>\n<p>&nbsp;<\/p>\n<p>O livro <strong>Um mundo deste tamanho<\/strong> \u00e9 extremamente inspirador e permite uma interessant\u00edssima perspectiva do mundo. As refer\u00eancias subtis ao Fernando Pessoa, ao Bogart, ao Asterix e a muitos outros cl\u00e1ssicos s\u00e3o extraordin\u00e1rias e ficam muito bem enquadradas no texto que est\u00e1 escrito de uma forma exemplar!<br \/>\nParab\u00e9ns ao Autor e \u00e0 Editora pelo excelente trabalho! Para mim, o melhor livro de ci\u00eancia dos \u00faltimos tempos!<\/p>\n<p>Sauda\u00e7\u00f5es deste tamanho<br \/>\n<strong>Artur Cidade<br \/>\n<\/strong><br \/>\nO livro de Pedro Cotrim, <strong>Um Mundo Deste Tamanho,<\/strong> constitui uma valiosa contribui\u00e7\u00e3o para o patrim\u00f3nio dos estudos e ensaios portugueses sobre a hist\u00f3ria do conhecimento.<br \/>\nA bibliografia portuguesa sobre divulga\u00e7\u00e3o cient\u00edfica est\u00e1 mais rica.<\/p>\n<p><strong>Pedro R\u00e9<br \/>\n<\/strong><em>Presidente da Associa\u00e7\u00e3o Portuguesa de Astr\u00f3nomos Amadores (APAA) e Professor Associado com Agrega\u00e7\u00e3o da Faculdade de Ci\u00eancias da Universidade de Lisboa<\/em><\/p>\n<table width=\"100%\">\n<tbody>\n<tr>\n<td width=\"48%\"><\/td>\n<\/tr>\n<\/tbody>\n<\/table>\n<\/td>\n<\/tr>\n<tr>\n<td><\/td>\n<\/tr>\n<\/tbody>\n<\/table>\n","protected":false},"excerpt":{"rendered":"<p>Embarque nesta viagem pelo universo e pela hist\u00f3ria do conhecimento. Reconhe\u00e7a e perceba melhor tudo o que est\u00e1 \u00e0 sua volta; surpreenda-se com o \u00abseu mundo\u00bb e com o papel \u00fanico que pode desempenhar na incr\u00edvel hist\u00f3ria da humanidade.<\/p>\n","protected":false},"featured_media":1396,"comment_status":"closed","ping_status":"closed","template":"","meta":[],"product_brand":[],"product_cat":[119,7],"product_tag":[16,25,20,41],"class_list":{"0":"post-393","1":"product","2":"type-product","3":"status-publish","4":"has-post-thumbnail","6":"product_cat-especial-astronomia-e-astrofotografia","7":"product_cat-livros","8":"product_tag-astrofotografia","9":"product_tag-astronomia","10":"product_tag-imagem","11":"product_tag-mundo","13":"first","14":"outofstock","15":"shipping-taxable","16":"purchasable","17":"product-type-simple"},"_links":{"self":[{"href":"https:\/\/fotografiaportugal.pt\/site\/wp-json\/wp\/v2\/product\/393","targetHints":{"allow":["GET"]}}],"collection":[{"href":"https:\/\/fotografiaportugal.pt\/site\/wp-json\/wp\/v2\/product"}],"about":[{"href":"https:\/\/fotografiaportugal.pt\/site\/wp-json\/wp\/v2\/types\/product"}],"replies":[{"embeddable":true,"href":"https:\/\/fotografiaportugal.pt\/site\/wp-json\/wp\/v2\/comments?post=393"}],"wp:featuredmedia":[{"embeddable":true,"href":"https:\/\/fotografiaportugal.pt\/site\/wp-json\/wp\/v2\/media\/1396"}],"wp:attachment":[{"href":"https:\/\/fotografiaportugal.pt\/site\/wp-json\/wp\/v2\/media?parent=393"}],"wp:term":[{"taxonomy":"product_brand","embeddable":true,"href":"https:\/\/fotografiaportugal.pt\/site\/wp-json\/wp\/v2\/product_brand?post=393"},{"taxonomy":"product_cat","embeddable":true,"href":"https:\/\/fotografiaportugal.pt\/site\/wp-json\/wp\/v2\/product_cat?post=393"},{"taxonomy":"product_tag","embeddable":true,"href":"https:\/\/fotografiaportugal.pt\/site\/wp-json\/wp\/v2\/product_tag?post=393"}],"curies":[{"name":"wp","href":"https:\/\/api.w.org\/{rel}","templated":true}]}}