{"id":4006,"date":"2017-03-16T15:10:10","date_gmt":"2017-03-16T15:10:10","guid":{"rendered":"http:\/\/fotografiaportugal.pt\/site\/?post_type=product&#038;p=4006"},"modified":"2020-02-14T10:51:47","modified_gmt":"2020-02-14T10:51:47","slug":"igreja-sao-victor-the-church-of-saint-victor-braga","status":"publish","type":"product","link":"https:\/\/fotografiaportugal.pt\/site\/shop\/livros\/igreja-sao-victor-the-church-of-saint-victor-braga\/","title":{"rendered":"A Igreja de S\u00e3o Victor \/ The Church of Saint Victor &#8211; Braga"},"content":{"rendered":"<p><b><\/b><img loading=\"lazy\" decoding=\"async\" class=\"alignnone size-medium wp-image-4007\" src=\"https:\/\/fotografiaportugal.pt\/site\/wp-content\/uploads\/2017\/03\/capa-livro-ca-azulejosvictor190-190x249.jpg\" alt=\"capa-livro-ca-azulejosvictor190\" width=\"190\" height=\"249\" \/><\/p>\n<p><strong>A Igreja de S\u00e3o Victor \/\u00a0The Church of Saint\u00a0Victor &#8211; Braga<\/strong><\/p>\n<p>Texto \/Text:\u00a0Ros\u00e1rio Salema de Carvalho<\/p>\n<p>Fotografia\/Photography:\u00a0\u00a0Lib\u00f3rio Manuel Silva<\/p>\n<p>P\u00e1gs:\u00a0\u00a056 (24,5cm * 32,1cm)<\/p>\n<p>ISBN:\u00a0978-989-615-214-7<\/p>\n<p>1.\u00aaedi\u00e7\u00e3o\/1st edition:\u00a0Mar, 2017<\/p>\n<p>Pre\u00e7o\/Price:\u00a010,00 EUR<\/p>\n<h4 align=\"justify\">A <i>Igreja de S\u00e3o Victor (Braga)<\/i> \u00e9 o primeiro livro de uma colec\u00e7\u00e3o que pretende explorar, de um modo mais aprofundado, alguns dos locais com revestimentos em azulejo que, pela sua excepcionalidade, integram a obra Azulejos \u2013 Maravilhas de Portugal.<br \/>\nAs fotografias seleccionadas revelam caracter\u00edsticas \u00fanicas destes monumentais conjuntos cer\u00e2micos, enquanto os textos permitem divulgar e aprofundar as mais recentes perspectivas de investiga\u00e7\u00e3o. A Fotografia e a Hist\u00f3ria da Arte aliam-se, assim, nesta colec\u00e7\u00e3o, para construir um mapa muito particular e actualizado de uma das artes que \u00e9 justamente considerada um factor diferenciador da cultura portuguesa.<\/h4>\n<h4>TEXTO \/<span style=\"color: #b48240;\"> TEXT<\/span><\/h4>\n<p><i><b>Ros\u00e1rio Salema de Carvalho<\/b><\/i> \u00e9 investigadora do ARTIS \u2013 Instituto de Hist\u00f3ria da Arte da Faculdade de Letras da Universidade de Lisboa, onde integra o grupo Az \u2013 Rede de Investiga\u00e7\u00e3o em Azulejo, da qual \u00e9 tamb\u00e9m coordenadora executiva.<br \/>\nActualmente desenvolve um projecto de p\u00f3s-doutoramento (com bolsa da Funda\u00e7\u00e3o para a Ci\u00eancia e a Tecnologia), dedicado \u00e0 quest\u00e3o das molduras no azulejo barroco, tendo como institui\u00e7\u00e3o de acolhimento o ARTIS (Az) e o Museu Nacional do Azulejo.<br \/>\n\u00c9 doutorada em Hist\u00f3ria, especialidade em Hist\u00f3ria da Arte, pela Faculdade de Letras da Universidade de Lisboa (2012), com a tese intitulada <i>A pintura do azulejo em Portugal [1675-1725]. Autorias e biografias \u2013 um novo paradigma<\/i>. Em 2007 defendeu o Mestrado em Arte, Patrim\u00f3nio e Restauro, na mesma faculdade, com a disserta\u00e7\u00e3o &#8230;<i>por amor de Deus<\/i>. <i>Representa\u00e7\u00e3o das Obras de Miseric\u00f3rdia<\/i>, em <i>pain\u00e9is de azulejo<\/i>, <i>nos espa\u00e7os das confrarias da Miseric\u00f3rdia<\/i>, <i>no Portugal setecentista<\/i>.<br \/>\nTem desenvolvido investiga\u00e7\u00e3o na \u00e1rea do patrim\u00f3nio e, principalmente, na \u00e1rea da Azulejaria Portuguesa, com v\u00e1rios artigos publicados em revistas cient\u00edficas nacionais e internacionais.<\/p>\n<p><b>Ros\u00e1rio Salema de Carvalho<\/b>, researcher at ARTIS \u2013 Art History Institute of the Faculty of Letters of the University of Lisbon, and executive coordinator of the Az \u2013 Azulejo Research Network, currently developing a post-doctoral project (awarded by Foundation for Science and Technology), dedicated to the issue of frames in Baroque tile decorations, hosted by ARTIS (Az) and the National <i>Azulejo<\/i> Museum.<br \/>\nThe author has a PhD in History, with a specialisation in Art History, from the Faculty of Letters of the University of Lisbon (2012) and wrote a dissertation entitled <i>Azulejo painting in Portugal<\/i> [1675-1725]. <i>Authorships and biographies <\/i>\u2013 <i>a new paradigm.<\/i> She concluded in 2007 a Master\u2019s Degree in Art, Heritage and Restoration from the same Faculty, with the dissertation &#8230;<i>for the love of God. The depiction of the works of mercy in 18th century Portuguese tile panels<\/i><i>commissioned by the Brotherhoods of Mercy<\/i>.<br \/>\nCurrently focused on the study of artistic heritage, and particularly on the field of Portuguese <i>azulejos<\/i>, Ros\u00e1rio Salema de Carvalho is the author of several articles published in national and international scientific journals.<\/p>\n<h4>FOTOGRAFIA \/PHOTOGRAPHY<\/h4>\n<p><b>Lib\u00f3rio Manuel Silva<\/b> \u00e9 editor do Centro Atl\u00e2ntico, empreendedor e um grande apaixonado por fotografia de cultura e patrim\u00f3nio.<br \/>\n\u00c9 autor de cerca de 30 livros \u2013 em tr\u00eas editoras \u2013 sobre Hist\u00f3ria do Livro, Arte, Fernando Pessoa, Gest\u00e3o e Tecnologias, e de mais de 100 artigos publicados nos principais jornais e revistas portugueses. Fundou e dirigiu tr\u00eas revistas.<br \/>\nFruto de um longo trabalho de investiga\u00e7\u00e3o, prepara a publica\u00e7\u00e3o do segundo volume de Bibliotecas \u2013 Maravilhas de Portugal \/ Libraries \u2013 Wonders of Portugal, a sua obra seminal, bem como de Azulejos \u2013 Maravilhas de Portugal \/ Wonders of Portugal.<br \/>\nEm Portugal, foi precursor da forma\u00e7\u00e3o em Internet (1994) e da cria\u00e7\u00e3o e distribui\u00e7\u00e3o de e-books (1999).<br \/>\nTem dez anos de experi\u00eancia como docente no ensino superior, uma p\u00f3s-gradua\u00e7\u00e3o em Gest\u00e3o, uma outra, internacional (EUA, Fran\u00e7a, Coreia do Sul e Jap\u00e3o), em Excel\u00eancia nos Servi\u00e7os e ainda a frequ\u00eancia num MBA de Com\u00e9rcio Internacional.<br \/>\nCome\u00e7ou a fotografar muito cedo, tendo recebido forma\u00e7\u00e3o na Cooperativa \u00c1rvore, o que o motivou para a cria\u00e7\u00e3o de um laborat\u00f3rio fotogr\u00e1fico dom\u00e9stico.<br \/>\n\u00c9 editor dos livros sobre fotografia mais vendidos em Portugal.<br \/>\nOs seus dois filhos s\u00e3o a sua principal fonte de inspira\u00e7\u00e3o.<\/p>\n<p><b><span style=\"color: #b48240;\">Lib\u00f3rio Manuel Silva<\/span><\/b><span style=\"color: #b48240;\">, founding editor of Portuguese publisher Centro Atl\u00e2ntico (the national best-seller photography books publisher), is an entrepreneur with a great love of cultural and heritage photography.<br \/>\nThe author of some thirty books \u2013 with three different publishers \u2013 on subjects such as the History of the Book, Art, Fernando Pessoa, Management and Technology, and over one hundred articles published in leading Portuguese newspapers and magazines. He both founded and directed three magazines.<br \/>\nPresently Lib\u00f3rio Manuel Silva is preparing for publication Azulejos \u2013 Wonders of Portugal and the second volume of his seminal work: <\/span><span style=\"color: #3396cc;\"><i><a href=\"http:\/\/centroatl.pt\/titulos\/artes\/bibliotecas\/index.html\">Libraries \u2013 Wonders of Portugal,<\/a><\/i><span style=\"color: #b48240;\"> the culmination of extended research.<br \/>\nIn Portugal, he is known as a pioneer of Internet training (1994) and of the creation and distribution of e-books (1999).<br \/>\nWith ten years\u2019 experience as a teacher in higher education, he holds a postgraduate qualification in Management, an international postgraduate certificate (USA, France, South Korea and Japan) in Service Excellence, and he attended an MBA in International Commerce.<br \/>\nLib\u00f3rio Manuel Silva took up photography at very young age and following study at the Cooperativa \u00c1rvore in Oporto, he created a photographic laboratory at home.<br \/>\nHis two sons are his main source of inspiration.<\/span><\/span><\/p>\n<p>&nbsp;<\/p>\n<p>O livro \u00ab<strong>A Igreja de S\u00e3o Victor \u2013 Braga, Azulejos \u2013 Maravilhas de Portugal \/ The Church of Saint Victor \u2013 Braga, Azulejos \u2013 Wonders of Portugal<\/strong>\u00bb, de Ros\u00e1rio Salema de Carvalho e Lib\u00f3rio Manuel Silva, publicado pela editora Centro Atl\u00e2ntico, foi apresentado no programa <strong>Faz Sentido<\/strong>, no canal de televis\u00e3o <strong>SIC Mulher<\/strong>, a 11 de Julho de 2018.<br \/>\nVer em:\u00a0http:\/\/sicmulher.sapo.pt\/programas\/faz-sentido\/videos\/2018-07-12-JPS-DA-CULTURA-Sugestoes-e-Leituras<\/p>\n","protected":false},"excerpt":{"rendered":"<h4 align=\"justify\">A <i>Igreja de S\u00e3o Victor (Braga)<\/i> \u00e9 o primeiro livro de uma colec\u00e7\u00e3o que pretende explorar, de um modo mais aprofundado, alguns dos locais com revestimentos em azulejo que, pela sua excepcionalidade, integram a obra Azulejos \u2013 Maravilhas de Portugal.<br \/>\nAs fotografias seleccionadas revelam caracter\u00edsticas \u00fanicas destes monumentais conjuntos cer\u00e2micos, enquanto os textos permitem divulgar e aprofundar as mais recentes perspectivas de investiga\u00e7\u00e3o. A Fotografia e a Hist\u00f3ria da Arte aliam-se, assim, nesta colec\u00e7\u00e3o, para construir um mapa muito particular e actualizado de uma das artes que \u00e9 justamente considerada um factor diferenciador da cultura portuguesa.<\/h4>\n","protected":false},"featured_media":4008,"comment_status":"closed","ping_status":"closed","template":"","meta":[],"product_brand":[],"product_cat":[169,130,181,7,138],"product_tag":[],"class_list":{"0":"post-4006","1":"product","2":"type-product","3":"status-publish","4":"has-post-thumbnail","6":"product_cat-azulejos","7":"product_cat-especial-braga","8":"product_cat-liborio-manuel-silva","9":"product_cat-livros","10":"product_cat-photography-of-portugal","12":"first","13":"outofstock","14":"shipping-taxable","15":"purchasable","16":"product-type-simple"},"_links":{"self":[{"href":"https:\/\/fotografiaportugal.pt\/site\/wp-json\/wp\/v2\/product\/4006","targetHints":{"allow":["GET"]}}],"collection":[{"href":"https:\/\/fotografiaportugal.pt\/site\/wp-json\/wp\/v2\/product"}],"about":[{"href":"https:\/\/fotografiaportugal.pt\/site\/wp-json\/wp\/v2\/types\/product"}],"replies":[{"embeddable":true,"href":"https:\/\/fotografiaportugal.pt\/site\/wp-json\/wp\/v2\/comments?post=4006"}],"wp:featuredmedia":[{"embeddable":true,"href":"https:\/\/fotografiaportugal.pt\/site\/wp-json\/wp\/v2\/media\/4008"}],"wp:attachment":[{"href":"https:\/\/fotografiaportugal.pt\/site\/wp-json\/wp\/v2\/media?parent=4006"}],"wp:term":[{"taxonomy":"product_brand","embeddable":true,"href":"https:\/\/fotografiaportugal.pt\/site\/wp-json\/wp\/v2\/product_brand?post=4006"},{"taxonomy":"product_cat","embeddable":true,"href":"https:\/\/fotografiaportugal.pt\/site\/wp-json\/wp\/v2\/product_cat?post=4006"},{"taxonomy":"product_tag","embeddable":true,"href":"https:\/\/fotografiaportugal.pt\/site\/wp-json\/wp\/v2\/product_tag?post=4006"}],"curies":[{"name":"wp","href":"https:\/\/api.w.org\/{rel}","templated":true}]}}