{"id":4513,"date":"2017-10-11T11:25:08","date_gmt":"2017-10-11T11:25:08","guid":{"rendered":"http:\/\/fotografiaportugal.pt\/site\/?post_type=product&#038;p=4513"},"modified":"2020-09-19T11:49:38","modified_gmt":"2020-09-19T11:49:38","slug":"azulejos-mesa-azulejos-in-restaurants","status":"publish","type":"product","link":"https:\/\/fotografiaportugal.pt\/site\/shop\/photography-of-portugal\/azulejos-mesa-azulejos-in-restaurants\/","title":{"rendered":"Azulejos \u00e0 Mesa \/ Azulejos in Restaurants"},"content":{"rendered":"<p><ins class=\"bookingaff\" data-aid=\"1461495\" data-target_aid=\"1461352\" data-prod=\"banner\" data-width=\"728\" data-height=\"90\" data-lang=\"pt\"><br \/>\n<!-- Anything inside will go away once widget is loaded. --><br \/>\n<a href=\"\/\/www.booking.com?aid=1461352\">Booking.com<\/a><br \/>\n<\/ins><br \/>\n<script type=\"text\/javascript\">\n    (function(d, sc, u) {\n      var s = d.createElement(sc), p = d.getElementsByTagName(sc)[0];\n      s.type = 'text\/javascript';\n      s.async = true;\n      s.src = u + '?v=' + (+new Date());\n      p.parentNode.insertBefore(s,p);\n      })(document, 'script', '\/\/aff.bstatic.com\/static\/affiliate_base\/js\/flexiproduct.js');\n<\/script><br \/>\n<img loading=\"lazy\" decoding=\"async\" class=\"alignnone size-medium wp-image-5286\" src=\"https:\/\/fotografiaportugal.pt\/site\/wp-content\/uploads\/2017\/10\/sos-azulejos-a-mesa_1000px_resize-190x300.jpg\" alt=\"\" width=\"190\" height=\"300\" srcset=\"https:\/\/fotografiaportugal.pt\/site\/wp-content\/uploads\/2017\/10\/sos-azulejos-a-mesa_1000px_resize-190x300.jpg 190w, https:\/\/fotografiaportugal.pt\/site\/wp-content\/uploads\/2017\/10\/sos-azulejos-a-mesa_1000px_resize.jpg 325w\" sizes=\"auto, (max-width: 190px) 100vw, 190px\" \/><\/p>\n<p><b>Azulejos \u00e0 Mesa \/<span style=\"color: #99ccff;\">\u00a0<\/span><span style=\"color: #da9d21;\">Azulejos in Restaurants<\/span><\/b><\/p>\n<p><span style=\"color: #000000;\">Fotografia \/\u00a0<\/span><span style=\"color: #da9d21;\">Photography:\u00a0<\/span>Lib\u00f3rio Manuel Silva<\/p>\n<p><span style=\"color: #000000;\">Coordena\u00e7\u00e3o cient\u00edfica \/\u00a0<\/span><span style=\"color: #da9d21;\">Scientific Coordinator:<\/span>\u00a0Ros\u00e1rio Salema de Carvalho<\/p>\n<p><span style=\"color: #000000;\">P\u00e1g.s\u00a0<span style=\"color: #000000;\">\/\u00a0<\/span><span style=\"color: #da9d21;\">Pages:<\/span><\/span>\u00a0108 (em capa dura \/\u00a0<span style=\"color: #da9d21;\">hardcover<\/span>)<\/p>\n<p><span style=\"color: #000000;\">Dimens\u00f5es\u00a0\/\u00a0<span style=\"color: #da9d21;\">Size:<\/span><\/span>\u00a024,5cm * 32,1cm * 1,6cm<\/p>\n<p><span style=\"color: #000000;\">Peso\u00a0\/\u00a0<\/span><span style=\"color: #da9d21;\">Weight:<\/span>\u00a01000 grs.<\/p>\n<p><span style=\"color: #000000;\">Idiomas\u00a0\/\u00a0<\/span><span style=\"color: #da9d21;\">Languages:<\/span>\u00a0Portugu\u00eas\u00a0<span style=\"color: #000000;\">\/\u00a0<\/span><span style=\"color: #da9d21;\">Ingl\u00eas<\/span><\/p>\n<p><span style=\"color: #000000;\">Tradu\u00e7\u00e3o\u00a0\/\u00a0English translation<\/span><span style=\"color: #da9d21;\">:<\/span>\u00a0Bernardo Ferro<\/p>\n<h4><span style=\"color: #000000;\">ISBN:\u00a0<\/span>978-989-615-215-4<\/h4>\n<p><span style=\"color: #000000;\">1.\u00aa edi\u00e7\u00e3o \/\u00a0<\/span><span style=\"color: #da9d21;\">1st edition:<\/span><span style=\"color: #3396cc;\">\u00a0<\/span>Set, 2017<\/p>\n<h4 align=\"justify\">\u00abAzulejos \u00e0 Mesa \/\u00a0<i>Azulejos in Restaurants<\/i>\u00bb re\u00fane um conjunto surpreendente de restaurantes e pal\u00e1cios onde o prazer de uma boa refei\u00e7\u00e3o se alia ao encanto proporcionado por alguns conjuntos cer\u00e2micos not\u00e1veis, e onde as experi\u00eancias gastron\u00f3micas se cruzam com a hist\u00f3ria da azulejaria portuguesa, desde o barroco \u00e0 contemporaneidade, numa descoberta deliciosa.<\/h4>\n<h4 align=\"justify\"><span style=\"color: #da9d21;\"><i>Azulejos in Restaurants<\/i>\u00a0displays a remarkable set of restaurants and palaces where the pleasure of a good meal is complemented by the beauty of different tile decorations. The delights of gastronomy meet the history of Portuguese\u00a0<i>azulejos<\/i>, from the Baroque period to the present day, in a truly delicious encounter.<\/span><\/h4>\n<table border=\"0\" width=\"100%\" cellpadding=\"2\">\n<tbody>\n<tr>\n<td>\n<h4>AUTORES \/\u00a0<span style=\"color: #da9d21;\">AUTHORS<\/span><\/h4>\n<p>Alexandre Nobre Pais, Ana Almeida, Ana Maria Costa, Celso Mangucci, Francisco Queiroz, In\u00eas Leit\u00e3o, Jo\u00e3o Pedro Monteiro, Jos\u00e9 Meco, Lib\u00f3rio Manuel Silva, Lu\u00edsa D\u2019Orey Capucho Arruda, Maria Alexandra Trindade Gago da C\u00e2mara, Rita Gomes Ferr\u00e3o, Ros\u00e1rio Salema de Carvalho, Tiago Borges Louren\u00e7o, V\u00edtor Serr\u00e3o<\/td>\n<\/tr>\n<\/tbody>\n<\/table>\n<table border=\"0\" width=\"100%\" cellpadding=\"2\">\n<tbody>\n<tr>\n<td valign=\"top\" width=\"48%\">&nbsp;<\/p>\n<table border=\"0\" width=\"100%\" cellspacing=\"0\" cellpadding=\"0\">\n<tbody>\n<tr>\n<td>\n<h4><span style=\"color: #000000;\">Coordena\u00e7\u00e3o cient\u00edfica \/\u00a0<\/span><span style=\"color: #da9d21;\">Scientific Coordinator:<\/span><\/h4>\n<\/td>\n<\/tr>\n<\/tbody>\n<\/table>\n<p align=\"justify\"><i><b>Ros\u00e1rio Salema de Carvalho<\/b><\/i>\u00a0\u00e9 investigadora do ARTIS \u2013 Instituto de Hist\u00f3ria da Arte da Faculdade de Letras da Universidade de Lisboa, onde integra o grupo Az \u2013 Rede de Investiga\u00e7\u00e3o em Azulejo, da qual \u00e9 tamb\u00e9m coordenadora executiva.<br \/>\nActualmente desenvolve um projecto de p\u00f3s-doutoramento (com bolsa da Funda\u00e7\u00e3o para a Ci\u00eancia e a Tecnologia), dedicado \u00e0 quest\u00e3o das molduras no azulejo barroco, tendo como institui\u00e7\u00e3o de acolhimento o ARTIS (Az) e o Museu Nacional do Azulejo.<br \/>\n\u00c9 doutorada em Hist\u00f3ria, especialidade em Hist\u00f3ria da Arte, pela Faculdade de Letras da Universidade de Lisboa (2012), com a tese intitulada\u00a0<i>A pintura do azulejo em Portugal [1675-1725]. Autorias e biografias \u2013 um novo paradigma<\/i>. Em 2007 defendeu o Mestrado em Arte, Patrim\u00f3nio e Restauro, na mesma faculdade, com a disserta\u00e7\u00e3o &#8230;<i>por amor de Deus<\/i>.<i>Representa\u00e7\u00e3o das Obras de Miseric\u00f3rdia<\/i>, em<i>pain\u00e9is de azulejo<\/i>,\u00a0<i>nos espa\u00e7os das confrarias da Miseric\u00f3rdia<\/i>,\u00a0<i>no Portugal setecentista<\/i>.<br \/>\nTem desenvolvido investiga\u00e7\u00e3o na \u00e1rea do patrim\u00f3nio e, principalmente, na \u00e1rea da Azulejaria Portuguesa, com v\u00e1rios artigos publicados em revistas cient\u00edficas nacionais e internacionais.<\/p>\n<\/td>\n<td valign=\"top\" width=\"3%\"><\/td>\n<td valign=\"top\" width=\"48%\">&nbsp;<\/p>\n<table border=\"0\" width=\"100%\" cellspacing=\"0\" cellpadding=\"0\">\n<tbody>\n<tr>\n<td>\n<h4>Fotografia \/<span style=\"color: #da9d21;\">\u00a0Photography<br \/>\n<\/span><\/h4>\n<\/td>\n<\/tr>\n<\/tbody>\n<\/table>\n<p align=\"justify\"><b>Lib\u00f3rio Manuel Silva<\/b>\u00a0\u00e9 editor do Centro Atl\u00e2ntico, empreendedor e um grande apaixonado por fotografia de cultura e patrim\u00f3nio.<br \/>\n\u00c9 autor de cerca de 30 livros \u2013 em tr\u00eas editoras \u2013 sobre Hist\u00f3ria do Livro, Arte, Fernando Pessoa, Gest\u00e3o e Tecnologias, e de mais de 100 artigos publicados nos principais jornais e revistas portugueses. Fundou e dirigiu tr\u00eas revistas.<br \/>\nFruto de um longo trabalho de investiga\u00e7\u00e3o, prepara a publica\u00e7\u00e3o do segundo volume de<b><a href=\"http:\/\/www.centroatl.pt\/titulos\/artes\/bibliotecas\/index.html\"><i>Bibliotecas \u2013 Maravilhas de Portugal<\/i>\u00a0\/\u00a0<i>Libraries \u2013 Wonders of Portugal<\/i><\/a><\/b><i>, a sua obra seminal. Muito recentemente publicou, com Ros\u00e1rio Salema de Carvalho,\u00a0<b>Azulejo em\/in Braga \u2013 O Largo Tempo do Barroco \/ The Baroque Period<\/b><\/i>\u00a0bem como\u00a0<b>Azulejos \u2013 Maravilhas de Portugal<\/b><b>\u00a0\/\u00a0<i>Wonders of Portugal.<\/i><\/b><br \/>\nEm Portugal, foi precursor da forma\u00e7\u00e3o em Internet (1994) e da cria\u00e7\u00e3o e distribui\u00e7\u00e3o de e-books (1999).<br \/>\nTem dez anos de experi\u00eancia como docente no ensino superior, uma p\u00f3s-gradua\u00e7\u00e3o em Gest\u00e3o, uma outra, internacional (EUA, Fran\u00e7a, Coreia do Sul e Jap\u00e3o), em Excel\u00eancia nos Servi\u00e7os e ainda a frequ\u00eancia num MBA de Com\u00e9rcio Internacional.<br \/>\nCome\u00e7ou a fotografar muito cedo, tendo recebido forma\u00e7\u00e3o na Cooperativa \u00c1rvore, o que o motivou para a cria\u00e7\u00e3o de um laborat\u00f3rio fotogr\u00e1fico dom\u00e9stico.<br \/>\n\u00c9 editor dos livros sobre fotografia mais vendidos em Portugal.<br \/>\nOs seus dois filhos s\u00e3o a sua principal fonte de inspira\u00e7\u00e3o.<\/p>\n<\/td>\n<\/tr>\n<tr>\n<td valign=\"top\" width=\"48%\"><\/td>\n<td valign=\"top\" width=\"3%\"><\/td>\n<td valign=\"top\" width=\"48%\"><\/td>\n<\/tr>\n<tr>\n<td valign=\"top\" width=\"48%\">\n<p align=\"justify\"><span style=\"color: #da9d21;\"><b>Ros\u00e1rio Salema de Carvalho<\/b>,<\/span><span style=\"color: #3396cc;\">\u00a0<\/span><span style=\"color: #da9d21;\">researcher at ARTIS \u2013 Art History Institute of the Faculty of Letters of the University of Lisbon, and executive coordinator of the Az \u2013 Azulejo Research Network, currently developing a post-doctoral project (awarded by Foundation for Science and Technology), dedicated to the issue of frames in Baroque tile decorations, hosted by ARTIS (Az) and the National\u00a0<i>Azulejo<\/i>\u00a0Museum.<br \/>\nThe author has a PhD in History, with a specialisation in Art History, from the Faculty of Letters of the University of Lisbon (2012) and wrote a dissertation entitled\u00a0<i>Azulejo painting in Portugal<\/i>\u00a0[1675-1725].\u00a0<i>Authorships and biographies\u00a0<\/i>\u2013\u00a0<i>a new paradigm.<\/i>\u00a0She concluded in 2007 a Master\u2019s Degree in Art, Heritage and Restoration from the same Faculty, with the dissertation &#8230;<i>for the love of God. The depiction of the works of mercy in 18th century Portuguese tile panels<\/i>\u00a0<i>commissioned by the Brotherhoods of Mercy<\/i>.<br \/>\nCurrently focused on the study of artistic heritage, and particularly on the field of Portuguese<i>azulejos<\/i>, Ros\u00e1rio Salema de Carvalho is the author of several articles published in national and international scientific journals.<\/span><\/p>\n<\/td>\n<td valign=\"top\" width=\"3%\"><\/td>\n<td valign=\"top\" width=\"48%\">\n<p align=\"justify\"><span style=\"color: #da9d21;\"><b>Lib\u00f3rio Manuel Silva<\/b>,<\/span><span style=\"color: #3396cc;\">\u00a0<\/span><span style=\"color: #da9d21;\">founding editor of Portuguese publisher Centro Atl\u00e2ntico (the national best-seller photography books publisher), is an entrepreneur with a great love of cultural and heritage photography.<br \/>\nThe author of some thirty books \u2013 with three different publishers \u2013 on subjects such as the History of the Book, Art, Fernando Pessoa, Management and Technology, and over one hundred articles published in leading Portuguese newspapers and magazines. He both founded and directed three magazines.<br \/>\nRecently Lib\u00f3rio Manuel Silva published\u00a0<i>Azulejo em\/in Braga \u2013 O Largo Tempo do Barroco \/ The Baroque Period<\/i>\u00a0and\u00a0<i>Azulejos \u2013 Maravilhas de Portugal \/ Wonders of Portugal<\/i>. Presently Lib\u00f3rio Manuel Silva is preparing for publication the second volume of his seminal work:\u00a0<\/span><span style=\"color: #3396cc;\"><i><a href=\"http:\/\/www.centroatl.pt\/titulos\/artes\/bibliotecas\/index.html\">Libraries \u2013 Wonders of Portugal,<\/a><\/i><span style=\"color: #da9d21;\">\u00a0the culmination of extended research.<br \/>\nIn Portugal, he is known as a pioneer of Internet training (1994) and of the creation and distribution of e-books (1999).<br \/>\nWith ten years\u2019 experience as a teacher in higher education, he holds a postgraduate qualification in Management, an international postgraduate certificate (USA, France, South Korea and Japan) in Service Excellence, and he attended an MBA in International Commerce.<br \/>\nLib\u00f3rio Manuel Silva took up photography at very young age and following study at the Cooperativa \u00c1rvore in Oporto, he created a photographic laboratory at home.<br \/>\nHis two sons are his main source of inspiration.<\/span><\/span><\/p>\n<\/td>\n<\/tr>\n<\/tbody>\n<\/table>\n<h4 align=\"justify\"><\/h4>\n","protected":false},"excerpt":{"rendered":"<p><strong>Portes gr\u00e1tis<\/strong> na entrega em qualquer ponto de Portugal.<\/p>\n<p><strong>Oferta<\/strong> de um marcador juntamente com cada exemplar do livro \u00ab<strong>Azulejos \u00e0 Mesa \/ Azulejos in Restaurants<\/strong>\u00bb.<\/p>\n<p><strong>10% de desconto<\/strong><\/p>\n<p>Lembre-se que o Natal est\u00e1 a chegar e esta \u00e9 uma prenda muito especial.<\/p>\n<p>Envio com entrega expresso &#8211; para encomendas com um m\u00ednimo de 5 exemplares.<\/p>\n<p>Entretanto, caso tenham interesse em nos solicitar uma <strong>proposta de aquisi\u00e7\u00e3o <\/strong>de exemplares desta obra, em<strong> condi\u00e7\u00f5es muito especiais <\/strong>para <strong>empresas <\/strong>e <strong>entidades<\/strong>, em condi\u00e7\u00f5es e quantidades a acordar, queiram por favor entrar em contacto connosco para o email: <a href=\"mailto:info@fotografiaportugal.pt\">info@fotografiaportugal.pt<\/a><\/p>\n","protected":false},"featured_media":4514,"comment_status":"closed","ping_status":"closed","template":"","meta":[],"product_brand":[],"product_cat":[169,181,138],"product_tag":[],"class_list":{"0":"post-4513","1":"product","2":"type-product","3":"status-publish","4":"has-post-thumbnail","6":"product_cat-azulejos","7":"product_cat-liborio-manuel-silva","8":"product_cat-photography-of-portugal","10":"first","11":"outofstock","12":"shipping-taxable","13":"purchasable","14":"product-type-simple"},"_links":{"self":[{"href":"https:\/\/fotografiaportugal.pt\/site\/wp-json\/wp\/v2\/product\/4513","targetHints":{"allow":["GET"]}}],"collection":[{"href":"https:\/\/fotografiaportugal.pt\/site\/wp-json\/wp\/v2\/product"}],"about":[{"href":"https:\/\/fotografiaportugal.pt\/site\/wp-json\/wp\/v2\/types\/product"}],"replies":[{"embeddable":true,"href":"https:\/\/fotografiaportugal.pt\/site\/wp-json\/wp\/v2\/comments?post=4513"}],"wp:featuredmedia":[{"embeddable":true,"href":"https:\/\/fotografiaportugal.pt\/site\/wp-json\/wp\/v2\/media\/4514"}],"wp:attachment":[{"href":"https:\/\/fotografiaportugal.pt\/site\/wp-json\/wp\/v2\/media?parent=4513"}],"wp:term":[{"taxonomy":"product_brand","embeddable":true,"href":"https:\/\/fotografiaportugal.pt\/site\/wp-json\/wp\/v2\/product_brand?post=4513"},{"taxonomy":"product_cat","embeddable":true,"href":"https:\/\/fotografiaportugal.pt\/site\/wp-json\/wp\/v2\/product_cat?post=4513"},{"taxonomy":"product_tag","embeddable":true,"href":"https:\/\/fotografiaportugal.pt\/site\/wp-json\/wp\/v2\/product_tag?post=4513"}],"curies":[{"name":"wp","href":"https:\/\/api.w.org\/{rel}","templated":true}]}}