{"id":5244,"date":"2018-05-10T13:12:21","date_gmt":"2018-05-10T13:12:21","guid":{"rendered":"http:\/\/fotografiaportugal.pt\/site\/?post_type=product&#038;p=5244"},"modified":"2024-12-12T12:13:53","modified_gmt":"2024-12-12T12:13:53","slug":"as-sensacoes-e-as-emocoes-na-arquitectura","status":"publish","type":"product","link":"https:\/\/fotografiaportugal.pt\/site\/shop\/livros\/as-sensacoes-e-as-emocoes-na-arquitectura\/","title":{"rendered":"As sensa\u00e7\u00f5es e as emo\u00e7\u00f5es na Arquitectura"},"content":{"rendered":"<p><img loading=\"lazy\" decoding=\"async\" class=\"alignnone size-medium wp-image-5246\" src=\"https:\/\/fotografiaportugal.pt\/site\/wp-content\/uploads\/2018\/05\/capa-livro-ca-arquitectura_1000px-300x297.jpg\" alt=\"\" width=\"300\" height=\"297\" srcset=\"https:\/\/fotografiaportugal.pt\/site\/wp-content\/uploads\/2018\/05\/capa-livro-ca-arquitectura_1000px-300x297.jpg 300w, https:\/\/fotografiaportugal.pt\/site\/wp-content\/uploads\/2018\/05\/capa-livro-ca-arquitectura_1000px-150x150.jpg 150w, https:\/\/fotografiaportugal.pt\/site\/wp-content\/uploads\/2018\/05\/capa-livro-ca-arquitectura_1000px.jpg 1000w, https:\/\/fotografiaportugal.pt\/site\/wp-content\/uploads\/2018\/05\/capa-livro-ca-arquitectura_1000px-188x186.jpg 188w\" sizes=\"auto, (max-width: 300px) 100vw, 300px\" \/><\/p>\n<p><strong>As sensa\u00e7\u00f5es e as emo\u00e7\u00f5es na Arquitectura<\/strong><\/p>\n<p><strong>Autor:\u00a0<\/strong>Pedro Ara\u00fajo Napole\u00e3o<\/p>\n<p><strong>Editor:<\/strong>\u00a0Lib\u00f3rio Manuel Silva (Centro Atl\u00e2ntico)<\/p>\n<p><strong>1.\u00aa Edi\u00e7\u00e3o:<\/strong>\u00a0Maio 2018<\/p>\n<p><strong>P\u00e1g.s:<\/strong>\u00a0260 (a cores, com capa dura)<\/p>\n<p><strong>ISBN:<\/strong>\u00a0978\u2011989\u2011615\u2011217\u20118<\/p>\n<p><strong>Editora:<\/strong>\u00a0Centro Atl\u00e2ntico<\/p>\n<p>\u00abEste livro est\u00e1 alicer\u00e7ado num exaustivo e complexo trabalho de documenta\u00e7\u00e3o e investiga\u00e7\u00e3o, do qual resultou uma obra original e pessoal que, gra\u00e7as a um extraordin\u00e1rio trabalho de s\u00edntese e um estilo honesto e ameno, nos convida a viajar mentalmente por todos os textos-chave da teoria da arquitectura, visitando fisicamente os principais edif\u00edcios que servem de apoio \u00e0 sua argumenta\u00e7\u00e3o. Neste \u00faltimo aspecto, salientam-se especialmente as fotografias que ilustram as constru\u00e7\u00f5es escolhidas, cuja grande expressividade nos permite recriar de algum modo as pr\u00f3prias sensa\u00e7\u00f5es que o autor experienciou ao contemplar tais obras.\u00bb<\/p>\n<p><strong>Jos\u00e9 Antonio Franco Taboada, PhD \u2013\u00a0<\/strong>Distinto Professor Em\u00e9rito da Universidade da Corunha<\/p>\n<p>\u00abA pr\u00f3xima Era do desenho arquitectural n\u00e3o est\u00e1 na objectifica\u00e7\u00e3o aprofundada dos edif\u00edcios nem na racionaliza\u00e7\u00e3o das suas teorias. Reside sim em melhor compreender o complexo organismo humano para quem projectamos. Neste sentido, as ci\u00eancias humanas e biol\u00f3gicas fizeram grandes progressos nestas \u00faltimas d\u00e9cadas. Arquitectos e acad\u00e9micos, como Pedro Ara\u00fajo, procuram interpretar o seu impacto na Arquitectura, enriquecendo assim a habita\u00e7\u00e3o humana.\u00bb<\/p>\n<p><strong>Harry Francis Mallgrave, PhD \u2013\u00a0<\/strong>Membro Honor\u00e1rio do Royal Institute of British Architects e\u00a0Distinto Professor Em\u00e9rito do Illinois Institute of Technology<\/p>\n<p><iframe loading=\"lazy\" title=\"As Sensac\u0327o\u0303es e as Emoc\u0327o\u0303es na Arquitectura\" width=\"980\" height=\"551\" src=\"https:\/\/www.youtube.com\/embed\/t1GXuyTfWQI?feature=oembed\" frameborder=\"0\" allow=\"accelerometer; autoplay; clipboard-write; encrypted-media; gyroscope; picture-in-picture; web-share\" referrerpolicy=\"strict-origin-when-cross-origin\" allowfullscreen><\/iframe><\/p>\n<p><strong>Sobre o autor:<\/strong><\/p>\n<p><img loading=\"lazy\" decoding=\"async\" class=\"alignnone size-medium wp-image-5251\" src=\"https:\/\/fotografiaportugal.pt\/site\/wp-content\/uploads\/2018\/05\/IMG_0373-300x300.jpg\" alt=\"\" width=\"300\" height=\"300\" srcset=\"https:\/\/fotografiaportugal.pt\/site\/wp-content\/uploads\/2018\/05\/IMG_0373-300x300.jpg 300w, https:\/\/fotografiaportugal.pt\/site\/wp-content\/uploads\/2018\/05\/IMG_0373-150x150.jpg 150w, https:\/\/fotografiaportugal.pt\/site\/wp-content\/uploads\/2018\/05\/IMG_0373-1024x1024.jpg 1024w, https:\/\/fotografiaportugal.pt\/site\/wp-content\/uploads\/2018\/05\/IMG_0373-186x186.jpg 186w, https:\/\/fotografiaportugal.pt\/site\/wp-content\/uploads\/2018\/05\/IMG_0373.jpg 1317w\" sizes=\"auto, (max-width: 300px) 100vw, 300px\" \/><\/p>\n<p>Pedro Ara\u00fajo Napole\u00e3o nasceu em Vila Nova de Famalic\u00e3o, em 1972. \u00c9 licenciado em Arquitectura pela Universidade Lus\u00edada de Vila Nova de Famalic\u00e3o. Diplomado em Estudos Avan\u00e7ados em Express\u00e3o Gr\u00e1fica Arquitect\u00f3nica pela Universidade da Corunha. Doutorado com a Tese de doutoramento pela Universidade da Corunha. Exerce a sua actividade profissional na Panatelier \u2013 Pedro Ara\u00fajo &amp; Napole\u00e3o, L.da, desde 1997, e tem projectos um pouco por todo o pa\u00eds. Trabalhou como Director T\u00e9cnico num grupo ligado ao sector da constru\u00e7\u00e3o\u00a0em Paris. No \u00e2mbito do P\u00f3s-doutoramento integra actualmente o grupo de investiga\u00e7\u00e3o em Representa\u00e7\u00e3o Arquitect\u00f3nica da Universidade da Corunha.<\/p>\n<p><img loading=\"lazy\" decoding=\"async\" class=\"alignnone size-medium wp-image-5247\" src=\"https:\/\/fotografiaportugal.pt\/site\/wp-content\/uploads\/2018\/05\/Arq-logos-patroc-300x92.jpg\" alt=\"\" width=\"300\" height=\"92\" srcset=\"https:\/\/fotografiaportugal.pt\/site\/wp-content\/uploads\/2018\/05\/Arq-logos-patroc-300x92.jpg 300w, https:\/\/fotografiaportugal.pt\/site\/wp-content\/uploads\/2018\/05\/Arq-logos-patroc-1024x313.jpg 1024w, https:\/\/fotografiaportugal.pt\/site\/wp-content\/uploads\/2018\/05\/Arq-logos-patroc-372x114.jpg 372w, https:\/\/fotografiaportugal.pt\/site\/wp-content\/uploads\/2018\/05\/Arq-logos-patroc.jpg 1627w\" sizes=\"auto, (max-width: 300px) 100vw, 300px\" \/><\/p>\n<div class=\"\" data-block=\"true\" data-editor=\"b6kd6\" data-offset-key=\"5fqm2-0-0\">\n<div class=\"_1mf _1mj\" data-offset-key=\"5fqm2-0-0\"><span data-offset-key=\"5fqm2-0-0\">O livro &#8220;<strong>As Sensa\u00e7\u00f5es e as Emo\u00e7\u00f5es na Arquitectura<\/strong>&#8220;, de <\/span><strong><span class=\"_247o\" spellcheck=\"false\" data-offset-key=\"5fqm2-1-0\">Pedro Ara\u00fajo Napole\u00e3o<\/span><\/strong><span data-offset-key=\"5fqm2-2-0\">, esteve em destaque (ver a partir do minuto 6:00) nas <a href=\"http:\/\/sicmulher.sapo.pt\/programas\/faz-sentido\/videos\/2018-07-20-Sugestoes-culturais\" target=\"_blank\" rel=\"noopener\"><strong>Sugest\u00f5es Culturais<\/strong><\/a> do programa <strong>FAZ SENTIDO<\/strong> na <strong>SIC Mulher<\/strong> do passado dia 20\/Julho. Ver em:<\/span><\/div>\n<div data-offset-key=\"5fqm2-0-0\"><a href=\"http:\/\/sicmulher.sapo.pt\/programas\/faz-sentido\/videos\/2018-07-20-Sugestoes-culturais\" target=\"_blank\" rel=\"noopener\"><img loading=\"lazy\" decoding=\"async\" class=\"alignnone size-medium wp-image-5362\" src=\"https:\/\/fotografiaportugal.pt\/site\/wp-content\/uploads\/2018\/05\/SIC_Mulher-PAN20180720-300x169.png\" alt=\"\" width=\"300\" height=\"169\" srcset=\"https:\/\/fotografiaportugal.pt\/site\/wp-content\/uploads\/2018\/05\/SIC_Mulher-PAN20180720-300x169.png 300w, https:\/\/fotografiaportugal.pt\/site\/wp-content\/uploads\/2018\/05\/SIC_Mulher-PAN20180720-1024x576.png 1024w, https:\/\/fotografiaportugal.pt\/site\/wp-content\/uploads\/2018\/05\/SIC_Mulher-PAN20180720-331x186.png 331w, https:\/\/fotografiaportugal.pt\/site\/wp-content\/uploads\/2018\/05\/SIC_Mulher-PAN20180720.png 1920w\" sizes=\"auto, (max-width: 300px) 100vw, 300px\" \/><\/a><\/div>\n<div class=\"_1mf _1mj\" data-offset-key=\"5fqm2-0-0\"><span data-offset-key=\"5fqm2-2-0\"><a href=\"http:\/\/sicmulher.sapo.pt\/programas\/faz-sentido\/videos\/2018-07-20-Sugestoes-culturais\" target=\"_blank\" rel=\"noopener\">http:\/\/sicmulher.sapo.pt\/programas\/faz-sentido\/videos\/2018-07-20-Sugestoes-culturais<\/a><\/span><\/div>\n<\/div>\n","protected":false},"excerpt":{"rendered":"<p><strong>Portes gratuitos<\/strong><\/p>\n<p>Envio a efectuar via CTT com portes gratuitos (directamente pela editora) para a morada indicada para entrega, num\u00a0prazo de 2 at\u00e9 5 dias \u00fateis.<\/p>\n","protected":false},"featured_media":5245,"comment_status":"closed","ping_status":"closed","template":"","meta":[],"product_brand":[],"product_cat":[7,103],"product_tag":[],"class_list":{"0":"post-5244","1":"product","2":"type-product","3":"status-publish","4":"has-post-thumbnail","6":"product_cat-livros","7":"product_cat-livros-capa-dura-luxo","9":"first","10":"instock","11":"sale","12":"shipping-taxable","13":"purchasable","14":"product-type-simple"},"_links":{"self":[{"href":"https:\/\/fotografiaportugal.pt\/site\/wp-json\/wp\/v2\/product\/5244","targetHints":{"allow":["GET"]}}],"collection":[{"href":"https:\/\/fotografiaportugal.pt\/site\/wp-json\/wp\/v2\/product"}],"about":[{"href":"https:\/\/fotografiaportugal.pt\/site\/wp-json\/wp\/v2\/types\/product"}],"replies":[{"embeddable":true,"href":"https:\/\/fotografiaportugal.pt\/site\/wp-json\/wp\/v2\/comments?post=5244"}],"wp:featuredmedia":[{"embeddable":true,"href":"https:\/\/fotografiaportugal.pt\/site\/wp-json\/wp\/v2\/media\/5245"}],"wp:attachment":[{"href":"https:\/\/fotografiaportugal.pt\/site\/wp-json\/wp\/v2\/media?parent=5244"}],"wp:term":[{"taxonomy":"product_brand","embeddable":true,"href":"https:\/\/fotografiaportugal.pt\/site\/wp-json\/wp\/v2\/product_brand?post=5244"},{"taxonomy":"product_cat","embeddable":true,"href":"https:\/\/fotografiaportugal.pt\/site\/wp-json\/wp\/v2\/product_cat?post=5244"},{"taxonomy":"product_tag","embeddable":true,"href":"https:\/\/fotografiaportugal.pt\/site\/wp-json\/wp\/v2\/product_tag?post=5244"}],"curies":[{"name":"wp","href":"https:\/\/api.w.org\/{rel}","templated":true}]}}