{"id":5296,"date":"2018-06-11T21:51:15","date_gmt":"2018-06-11T21:51:15","guid":{"rendered":"http:\/\/fotografiaportugal.pt\/site\/?post_type=product&#038;p=5296"},"modified":"2023-12-18T14:42:34","modified_gmt":"2023-12-18T14:42:34","slug":"fotoportugal-edicao-de-bolso","status":"publish","type":"product","link":"https:\/\/fotografiaportugal.pt\/site\/shop\/guia\/fotoportugal-edicao-de-bolso\/","title":{"rendered":"FOTOPortugal [Edi\u00e7\u00e3o de Bolso]"},"content":{"rendered":"<p><img loading=\"lazy\" decoding=\"async\" class=\"alignnone size-medium wp-image-5297\" src=\"https:\/\/fotografiaportugal.pt\/site\/wp-content\/uploads\/2018\/06\/capa-livro-cati-fotoportugal-bolso_1250px-200x300.jpg\" alt=\"\" width=\"200\" height=\"300\" srcset=\"https:\/\/fotografiaportugal.pt\/site\/wp-content\/uploads\/2018\/06\/capa-livro-cati-fotoportugal-bolso_1250px-200x300.jpg 200w, https:\/\/fotografiaportugal.pt\/site\/wp-content\/uploads\/2018\/06\/capa-livro-cati-fotoportugal-bolso_1250px-682x1024.jpg 682w, https:\/\/fotografiaportugal.pt\/site\/wp-content\/uploads\/2018\/06\/capa-livro-cati-fotoportugal-bolso_1250px.jpg 833w\" sizes=\"auto, (max-width: 200px) 100vw, 200px\" \/><\/p>\n<p><strong>FOTOPortugal<\/strong><strong> [Edi\u00e7\u00e3o de Bolso]<\/strong><br \/>\nFotografia: Joel Santos e Magali Tarouca<br \/>\nTextos: Magali Tarouca e Joel Santos<br \/>\nP\u00e1gs: 232, a cores (capa dura); 14,5*21,6cm<br \/>\nISBN: 978-989-615-219-2<br \/>\nPre\u00e7o: 19,90 Eur<\/p>\n<p>FOTOPortugal apresenta mais de 125 locais ilustrados por fotografias inspiradoras e acompanhadas por informa\u00e7\u00e3o \u00fatil \u2013 da hist\u00f3ria do lugar \u00e0s coordenadas geogr\u00e1ficas, passando por sugest\u00f5es que permitir\u00e3o explorar os lugares de uma forma esclarecida.<br \/>\nPara facilitar a consulta, esta obra est\u00e1 organizada de acordo com as regi\u00f5es de turismo \u2013 Porto e Norte, Centro, Lisboa e Vale do Tejo, Alentejo, Algarve, A\u00e7ores e Madeira \u2013, e, dentro destas, de ocidente para oriente. Integralmente em portugu\u00eas e em ingl\u00eas, FOTOPortugal torna a sua leitura acess\u00edvel \u00e0 vasta maioria das pessoas que visitam o nosso pa\u00eds ou que desejam vir a conhec\u00ea-lo.<br \/>\nMais do que um guia essencial sobre Portugal, este livro, assinado por Joel Santos e Magali Tarouca, fot\u00f3grafos profissionais e jornalistas, autores dos 43 epis\u00f3dios <em>VIS\u00c3O de Portugal<\/em> transmitidos na televis\u00e3o pela SIC e na revista VIS\u00c3O, oferece uma perspetiva original e esteticamente refinada sobre o pa\u00eds, estimulando o genu\u00edno prazer de viajar, explorar e fotografar.<\/p>\n<p><img loading=\"lazy\" decoding=\"async\" class=\"size-medium wp-image-5298\" src=\"https:\/\/fotografiaportugal.pt\/site\/wp-content\/uploads\/2018\/06\/JoelSantos600px-225x300.jpg\" alt=\"\" width=\"225\" height=\"300\" srcset=\"https:\/\/fotografiaportugal.pt\/site\/wp-content\/uploads\/2018\/06\/JoelSantos600px-225x300.jpg 225w, https:\/\/fotografiaportugal.pt\/site\/wp-content\/uploads\/2018\/06\/JoelSantos600px.jpg 450w, https:\/\/fotografiaportugal.pt\/site\/wp-content\/uploads\/2018\/06\/JoelSantos600px-140x186.jpg 140w\" sizes=\"auto, (max-width: 225px) 100vw, 225px\" \/><\/p>\n<p>Ver tamb\u00e9m \/ See also:\u00a0<a href=\"https:\/\/fotografiaportugal.pt\/site\/shop\/livros\/photoportugal-pocket-edition\/\"><strong>PHOTOPortugal [Pocket Edition]<\/strong><\/a><\/p>\n","protected":false},"excerpt":{"rendered":"<p><strong>FOTOPortugal<\/strong> apresenta mais de 125 locais ilustrados por fotografias inspiradoras e acompanhadas por informa\u00e7\u00e3o \u00fatil \u2013 da hist\u00f3ria do lugar \u00e0s coordenadas geogr\u00e1ficas, passando por sugest\u00f5es que permitir\u00e3o explorar os lugares de uma forma esclarecida.<\/p>\n","protected":false},"featured_media":5301,"comment_status":"closed","ping_status":"closed","template":"","meta":[],"product_brand":[],"product_cat":[184,104,146,138],"product_tag":[],"class_list":{"0":"post-5296","1":"product","2":"type-product","3":"status-publish","4":"has-post-thumbnail","6":"product_cat-foto-portugal","7":"product_cat-guia","8":"product_cat-joel-santos","9":"product_cat-photography-of-portugal","11":"first","12":"outofstock","13":"shipping-taxable","14":"purchasable","15":"product-type-simple"},"_links":{"self":[{"href":"https:\/\/fotografiaportugal.pt\/site\/wp-json\/wp\/v2\/product\/5296","targetHints":{"allow":["GET"]}}],"collection":[{"href":"https:\/\/fotografiaportugal.pt\/site\/wp-json\/wp\/v2\/product"}],"about":[{"href":"https:\/\/fotografiaportugal.pt\/site\/wp-json\/wp\/v2\/types\/product"}],"replies":[{"embeddable":true,"href":"https:\/\/fotografiaportugal.pt\/site\/wp-json\/wp\/v2\/comments?post=5296"}],"wp:featuredmedia":[{"embeddable":true,"href":"https:\/\/fotografiaportugal.pt\/site\/wp-json\/wp\/v2\/media\/5301"}],"wp:attachment":[{"href":"https:\/\/fotografiaportugal.pt\/site\/wp-json\/wp\/v2\/media?parent=5296"}],"wp:term":[{"taxonomy":"product_brand","embeddable":true,"href":"https:\/\/fotografiaportugal.pt\/site\/wp-json\/wp\/v2\/product_brand?post=5296"},{"taxonomy":"product_cat","embeddable":true,"href":"https:\/\/fotografiaportugal.pt\/site\/wp-json\/wp\/v2\/product_cat?post=5296"},{"taxonomy":"product_tag","embeddable":true,"href":"https:\/\/fotografiaportugal.pt\/site\/wp-json\/wp\/v2\/product_tag?post=5296"}],"curies":[{"name":"wp","href":"https:\/\/api.w.org\/{rel}","templated":true}]}}