{"id":5527,"date":"2019-03-27T20:29:28","date_gmt":"2019-03-27T20:29:28","guid":{"rendered":"http:\/\/fotografiaportugal.pt\/site\/?post_type=product&#038;p=5527"},"modified":"2023-12-26T11:06:13","modified_gmt":"2023-12-26T11:06:13","slug":"ode-maritima","status":"publish","type":"product","link":"https:\/\/fotografiaportugal.pt\/site\/shop\/80-anos-fernando-pessoa\/ode-maritima\/","title":{"rendered":"ODE MAR\u00cdTIMA"},"content":{"rendered":"<p><img loading=\"lazy\" decoding=\"async\" class=\"alignnone size-medium wp-image-5534\" src=\"https:\/\/fotografiaportugal.pt\/site\/wp-content\/uploads\/2019\/03\/livro-centroatlantico-ode_maritima_1000px-300x259.jpg\" alt=\"\" width=\"300\" height=\"259\" srcset=\"https:\/\/fotografiaportugal.pt\/site\/wp-content\/uploads\/2019\/03\/livro-centroatlantico-ode_maritima_1000px-300x259.jpg 300w, https:\/\/fotografiaportugal.pt\/site\/wp-content\/uploads\/2019\/03\/livro-centroatlantico-ode_maritima_1000px.jpg 1000w\" sizes=\"auto, (max-width: 300px) 100vw, 300px\" \/><\/p>\n<p>Autor: Fernando Pessoa (\u00c1lvaro de Campos)<br \/>\nFotografia: Lib\u00f3rio Manuel Silva<br \/>\nColec\u00e7\u00e3o: Artes<br \/>\n1.\u00aa edi\u00e7\u00e3o: Mar\u00e7o de 2019<br \/>\nP\u00e1gs.: 72<br \/>\nISBN: 978-989-615-224-6<\/p>\n<p>No ano inicial das celebra\u00e7\u00f5es do V Centen\u00e1rio da primeira Circum-Navega\u00e7\u00e3o ao globo, a editora Centro Atl\u00e2ntico publica a \u00abOde Mar\u00edtima\u00bb de Fernando Pessoa, numa edi\u00e7\u00e3o de luxo, com fotografia de Lib\u00f3rio Manuel Silva.<br \/>\n\u201cA maior ode portuguesa sobre o mar\u201d, \u201cum dos poemas mais perfeitos de Pessoa\u201d (Richard Zenith), tamb\u00e9m considerado \u201cum dos mais geniais poemas de qualquer \u00e9poca da literatura universal\u201d (Adolfo Casais Monteiro) \u00e9, nas palavras do Professor Eduardo Louren\u00e7o, \u201cum dos mais grandiosos e profundos poemas de que pode orgulhar-se a l\u00edngua portuguesa\u201d.<br \/>\nNeste livro de capa dura e papel couch\u00e9 170 grs., Lib\u00f3rio Manuel Silva, reputado fot\u00f3grafo de Cultura e Patrim\u00f3nio, autor de\u00a0<em>best-sellers<\/em>\u00a0como \u00abpalavras do Livro do Desassossego\u00bb, \u00abBibliotecas \u2013 Maravilhas de Portugal\u00bb, \u00abAzulejos \u2013 Maravilhas de Portugal\u00bb e \u00abBraga \u2013 Cidade Bimilenar\u00bb recorre \u00e0 sua c\u00e2mara anal\u00f3gica Leica, com filme a preto\/branco, para lado-a-lado, numa viagem sensacionista, em comunh\u00e3o com o texto ilustrar este \u201cpoema vasto como o mar\u201d (Eduardo Louren\u00e7o).<\/p>\n","protected":false},"excerpt":{"rendered":"<p>\u00ab<em>Um dos mais geniais poemas de qualquer \u00e9poca da literatura universal<\/em>\u00bb<br \/>\nAdolfo Casais Monteiro<\/p>\n<p>\u00ab<em>Um dos mais grandiosos e profundos poemas de que pode orgulhar-se a l\u00edngua portuguesa<\/em>\u00bb<br \/>\nEduardo Louren\u00e7o<\/p>\n<p><strong>Condi\u00e7\u00f5es Especiais com Desconto e Portes gr\u00e1tis<\/strong><\/p>\n","protected":false},"featured_media":5528,"comment_status":"closed","ping_status":"closed","template":"","meta":[],"product_brand":[],"product_cat":[149,181],"product_tag":[191,186,140,15,187],"class_list":{"0":"post-5527","1":"product","2":"type-product","3":"status-publish","4":"has-post-thumbnail","6":"product_cat-80-anos-fernando-pessoa","7":"product_cat-liborio-manuel-silva","8":"product_tag-alvaro-de-campos","9":"product_tag-expansao-portuguesa","10":"product_tag-fernando-pessoa","11":"product_tag-fotografia","12":"product_tag-liborio-manuel-silva","14":"first","15":"outofstock","16":"shipping-taxable","17":"purchasable","18":"product-type-simple"},"_links":{"self":[{"href":"https:\/\/fotografiaportugal.pt\/site\/wp-json\/wp\/v2\/product\/5527","targetHints":{"allow":["GET"]}}],"collection":[{"href":"https:\/\/fotografiaportugal.pt\/site\/wp-json\/wp\/v2\/product"}],"about":[{"href":"https:\/\/fotografiaportugal.pt\/site\/wp-json\/wp\/v2\/types\/product"}],"replies":[{"embeddable":true,"href":"https:\/\/fotografiaportugal.pt\/site\/wp-json\/wp\/v2\/comments?post=5527"}],"wp:featuredmedia":[{"embeddable":true,"href":"https:\/\/fotografiaportugal.pt\/site\/wp-json\/wp\/v2\/media\/5528"}],"wp:attachment":[{"href":"https:\/\/fotografiaportugal.pt\/site\/wp-json\/wp\/v2\/media?parent=5527"}],"wp:term":[{"taxonomy":"product_brand","embeddable":true,"href":"https:\/\/fotografiaportugal.pt\/site\/wp-json\/wp\/v2\/product_brand?post=5527"},{"taxonomy":"product_cat","embeddable":true,"href":"https:\/\/fotografiaportugal.pt\/site\/wp-json\/wp\/v2\/product_cat?post=5527"},{"taxonomy":"product_tag","embeddable":true,"href":"https:\/\/fotografiaportugal.pt\/site\/wp-json\/wp\/v2\/product_tag?post=5527"}],"curies":[{"name":"wp","href":"https:\/\/api.w.org\/{rel}","templated":true}]}}