{"id":5556,"date":"2019-04-23T14:35:49","date_gmt":"2019-04-23T14:35:49","guid":{"rendered":"http:\/\/fotografiaportugal.pt\/site\/?post_type=product&#038;p=5556"},"modified":"2020-02-14T10:41:07","modified_gmt":"2020-02-14T10:41:07","slug":"colorir-cinco-seculos-de-azulejo","status":"publish","type":"product","link":"https:\/\/fotografiaportugal.pt\/site\/shop\/livros\/colorir-cinco-seculos-de-azulejo\/","title":{"rendered":"Colorir cinco s\u00e9culos de Azulejo"},"content":{"rendered":"<p><img loading=\"lazy\" decoding=\"async\" class=\"alignnone size-medium wp-image-5557\" src=\"https:\/\/fotografiaportugal.pt\/site\/wp-content\/uploads\/2019\/04\/capa-livro-ca-colorircincoseculosdeazulejo_500px-298x300.jpg\" alt=\"\" width=\"298\" height=\"300\" srcset=\"https:\/\/fotografiaportugal.pt\/site\/wp-content\/uploads\/2019\/04\/capa-livro-ca-colorircincoseculosdeazulejo_500px-298x300.jpg 298w, https:\/\/fotografiaportugal.pt\/site\/wp-content\/uploads\/2019\/04\/capa-livro-ca-colorircincoseculosdeazulejo_500px-150x150.jpg 150w, https:\/\/fotografiaportugal.pt\/site\/wp-content\/uploads\/2019\/04\/capa-livro-ca-colorircincoseculosdeazulejo_500px.jpg 500w, https:\/\/fotografiaportugal.pt\/site\/wp-content\/uploads\/2019\/04\/capa-livro-ca-colorircincoseculosdeazulejo_500px-185x186.jpg 185w\" sizes=\"auto, (max-width: 298px) 100vw, 298px\" \/><\/p>\n<p><strong>Colorir cinco s\u00e9culos de Azulejo<\/strong><\/p>\n<p>Autores: Lib\u00f3rio Manuel Silva (Fotografia e Coordena\u00e7\u00e3o), Joana Pacheco (Desenho)<\/p>\n<p>Cole\u00e7\u00e3o: InfantoJuvenil<\/p>\n<p>1.\u00aa edi\u00e7\u00e3o: 6 de maio 2019<\/p>\n<p>ISBN: 978-989-615-225-3<\/p>\n<p>P\u00e1gs.: 64 (capa dura)<\/p>\n<p>PVP: 12,20 Eur<\/p>\n<p>Editora:\u00a0 Centro Atl\u00e2ntico, Lda.<\/p>\n<p>&nbsp;<\/p>\n<p style=\"text-align: center;\"><strong>Livro de Colorir para todas as idades<\/strong><\/p>\n<p style=\"text-align: center;\"><strong>Relaxamento, Concentra\u00e7\u00e3o, Criatividade<\/strong><\/p>\n<p style=\"text-align: center;\"><strong>D\u00ea cor ao nosso Patrim\u00f3nio<\/strong><\/p>\n<p>&nbsp;<\/p>\n<p>Portugal \u00e9 o pa\u00eds do azulejo e a sua arte constitui um dos tra\u00e7os de maior originalidade do nosso patrim\u00f3nio.<\/p>\n<p>Os azulejos de fachada enriquecem as nossas ruas com brilhos, cores e ritmos sem igual, mas \u00e9 nos templos religiosos, das pequenas capelas \u00e0s grandes catedrais, nas esta\u00e7\u00f5es de caminho-de-ferro, nos pal\u00e1cios, nos jardins, nas esta\u00e7\u00f5es de metro, nas escolas, nos hospitais, nos quart\u00e9is, nos museus e em tantos outros espa\u00e7os arquitet\u00f3nicos, p\u00fablicos ou privados, que podemos apreciar em pleno a hist\u00f3ria multissecular desta arte s\u00edmbolo do nosso pa\u00eds.<\/p>\n<p>Este livro de colorir \u2013 o primeiro do g\u00e9nero entre n\u00f3s \u2013 vai inspirar o leitor a pintar admir\u00e1veis pain\u00e9is relativos aos cinco s\u00e9culos do azulejo em Portugal. As cores que utilizar n\u00e3o ter\u00e3o que seguir qualquer regra \u2013 confie na sua criatividade; essa originalidade ir\u00e1 surpreender todos aqueles com quem posteriormente decidir partilhar as suas obras de arte. Provavelmente ir\u00e1 depois sentir-se motivado a visitar os espa\u00e7os que cont\u00eam os pain\u00e9is azulejares aos quais emprestou as suas cores e, por esse motivo, indicamos sempre as suas localiza\u00e7\u00f5es junto \u00e0s respetivas imagens. E se ficar com vontade de saber mais sobre esta arte diferenciadora da paisagem cultural portuguesa, encontrar\u00e1 todas as respostas nos livros que a editora Centro Atl\u00e2ntico tem vindo a publicar, designadamente em \u00abAZULEJO \u2013 O que \u00e9 \/ <em>What is<\/em>\u00bb, \u00abAzulejos \u2013 Maravilhas de Portugal \/ <em>Wonders of Portugal<\/em>\u00bb e \u00abAzulejos \u00e0 Mesa \/ <em>in Restaurants<\/em>\u00bb.<\/p>\n<p>Arteterapia, anti-<em>stress<\/em> ou puro entretenimento, qualquer que seja o objetivo, esta obra convida o leitor a dar asas \u00e0 sua imagina\u00e7\u00e3o.<\/p>\n<p>Com este livro vai poder colorir parte da hist\u00f3ria de Portugal, colaborando na preserva\u00e7\u00e3o do seu riqu\u00edssimo patrim\u00f3nio art\u00edstico-cultural.<\/p>\n","protected":false},"excerpt":{"rendered":"<p style=\"text-align: center;\">Livro de Colorir para todas as idades<\/p>\n<p style=\"text-align: center;\">Relaxamento, Concentra\u00e7\u00e3o, Criatividade<\/p>\n<p style=\"text-align: center;\">D\u00ea cor ao nosso Patrim\u00f3nio<\/p>\n","protected":false},"featured_media":5558,"comment_status":"closed","ping_status":"closed","template":"","meta":[],"product_brand":[],"product_cat":[169,181,7,103],"product_tag":[],"class_list":{"0":"post-5556","1":"product","2":"type-product","3":"status-publish","4":"has-post-thumbnail","6":"product_cat-azulejos","7":"product_cat-liborio-manuel-silva","8":"product_cat-livros","9":"product_cat-livros-capa-dura-luxo","11":"first","12":"outofstock","13":"shipping-taxable","14":"purchasable","15":"product-type-simple"},"_links":{"self":[{"href":"https:\/\/fotografiaportugal.pt\/site\/wp-json\/wp\/v2\/product\/5556","targetHints":{"allow":["GET"]}}],"collection":[{"href":"https:\/\/fotografiaportugal.pt\/site\/wp-json\/wp\/v2\/product"}],"about":[{"href":"https:\/\/fotografiaportugal.pt\/site\/wp-json\/wp\/v2\/types\/product"}],"replies":[{"embeddable":true,"href":"https:\/\/fotografiaportugal.pt\/site\/wp-json\/wp\/v2\/comments?post=5556"}],"wp:featuredmedia":[{"embeddable":true,"href":"https:\/\/fotografiaportugal.pt\/site\/wp-json\/wp\/v2\/media\/5558"}],"wp:attachment":[{"href":"https:\/\/fotografiaportugal.pt\/site\/wp-json\/wp\/v2\/media?parent=5556"}],"wp:term":[{"taxonomy":"product_brand","embeddable":true,"href":"https:\/\/fotografiaportugal.pt\/site\/wp-json\/wp\/v2\/product_brand?post=5556"},{"taxonomy":"product_cat","embeddable":true,"href":"https:\/\/fotografiaportugal.pt\/site\/wp-json\/wp\/v2\/product_cat?post=5556"},{"taxonomy":"product_tag","embeddable":true,"href":"https:\/\/fotografiaportugal.pt\/site\/wp-json\/wp\/v2\/product_tag?post=5556"}],"curies":[{"name":"wp","href":"https:\/\/api.w.org\/{rel}","templated":true}]}}