{"id":5578,"date":"2019-06-11T09:49:19","date_gmt":"2019-06-11T09:49:19","guid":{"rendered":"http:\/\/fotografiaportugal.pt\/site\/?post_type=product&#038;p=5578"},"modified":"2023-12-26T10:53:24","modified_gmt":"2023-12-26T10:53:24","slug":"tabacaria-tobacconists","status":"publish","type":"product","link":"https:\/\/fotografiaportugal.pt\/site\/shop\/80-anos-fernando-pessoa\/tabacaria-tobacconists\/","title":{"rendered":"Tabacaria \/ Tobacconist\u2019s"},"content":{"rendered":"<p><strong>Um dos mais geniais poemas de qualquer \u00e9poca da literatura universal<\/strong><\/p>\n<p>\u201cO mais importante poema portugu\u00eas do s\u00e9culo XX \/ <em>The most important Portuguese poem of the twentieth century<\/em>\u201d<\/p>\n<p><img loading=\"lazy\" decoding=\"async\" class=\"alignnone size-medium wp-image-5579\" src=\"https:\/\/fotografiaportugal.pt\/site\/wp-content\/uploads\/2019\/06\/livro-ca-Tabacaria_200px-168x200.jpg\" alt=\"\" width=\"168\" height=\"200\" \/><\/p>\n<p>Autor \/ Author: Fernando Pessoa (\u00c1lvaro de Campos)<\/p>\n<p>Tradu\u00e7\u00e3o, Apresenta\u00e7\u00e3o e Posf\u00e1cio \/ Translation, Introduction and Afterword: Anthony John Lappin, Alexandre Dias Pinto<\/p>\n<p>Ilustra\u00e7\u00e3o \/ Drawings: M\u00e1rio Linhares<\/p>\n<p>1.\u00aa edi\u00e7\u00e3o \/ 1<sup>st<\/sup> Edition: Maio de 2019<\/p>\n<p>ISBN: 978-989-615-226-0<\/p>\n<p>P\u00e1gs.: 96<\/p>\n<p>PVP: 16,00 Eur<\/p>\n<p>Editora \/ Published by: Centro Atl\u00e2ntico, Lda.<\/p>\n","protected":false},"excerpt":{"rendered":"<p>Um dos mais geniais poemas de qualquer \u00e9poca da literatura universal \u201cO mais importante poema portugu\u00eas do s\u00e9culo XX \/ The most important Portuguese poem of the twentieth century\u201d Autor \/ Author: Fernando Pessoa (\u00c1lvaro de Campos) Tradu\u00e7\u00e3o, Apresenta\u00e7\u00e3o e Posf\u00e1cio \/ Translation, Introduction and Afterword: Anthony John Lappin, Alexandre Dias Pinto Ilustra\u00e7\u00e3o \/ Drawings: [&hellip;]<\/p>\n","protected":false},"featured_media":5579,"comment_status":"closed","ping_status":"closed","template":"","meta":[],"product_brand":[],"product_cat":[149],"product_tag":[191,140],"class_list":{"0":"post-5578","1":"product","2":"type-product","3":"status-publish","4":"has-post-thumbnail","6":"product_cat-80-anos-fernando-pessoa","7":"product_tag-alvaro-de-campos","8":"product_tag-fernando-pessoa","10":"first","11":"outofstock","12":"shipping-taxable","13":"purchasable","14":"product-type-simple"},"_links":{"self":[{"href":"https:\/\/fotografiaportugal.pt\/site\/wp-json\/wp\/v2\/product\/5578","targetHints":{"allow":["GET"]}}],"collection":[{"href":"https:\/\/fotografiaportugal.pt\/site\/wp-json\/wp\/v2\/product"}],"about":[{"href":"https:\/\/fotografiaportugal.pt\/site\/wp-json\/wp\/v2\/types\/product"}],"replies":[{"embeddable":true,"href":"https:\/\/fotografiaportugal.pt\/site\/wp-json\/wp\/v2\/comments?post=5578"}],"wp:featuredmedia":[{"embeddable":true,"href":"https:\/\/fotografiaportugal.pt\/site\/wp-json\/wp\/v2\/media\/5579"}],"wp:attachment":[{"href":"https:\/\/fotografiaportugal.pt\/site\/wp-json\/wp\/v2\/media?parent=5578"}],"wp:term":[{"taxonomy":"product_brand","embeddable":true,"href":"https:\/\/fotografiaportugal.pt\/site\/wp-json\/wp\/v2\/product_brand?post=5578"},{"taxonomy":"product_cat","embeddable":true,"href":"https:\/\/fotografiaportugal.pt\/site\/wp-json\/wp\/v2\/product_cat?post=5578"},{"taxonomy":"product_tag","embeddable":true,"href":"https:\/\/fotografiaportugal.pt\/site\/wp-json\/wp\/v2\/product_tag?post=5578"}],"curies":[{"name":"wp","href":"https:\/\/api.w.org\/{rel}","templated":true}]}}