{"id":5628,"date":"2019-10-24T19:20:06","date_gmt":"2019-10-24T19:20:06","guid":{"rendered":"http:\/\/fotografiaportugal.pt\/site\/?post_type=product&#038;p=5628"},"modified":"2024-12-12T12:17:35","modified_gmt":"2024-12-12T12:17:35","slug":"ruralidades-ruralities","status":"publish","type":"product","link":"https:\/\/fotografiaportugal.pt\/site\/shop\/livros\/ruralidades-ruralities\/","title":{"rendered":"Ruralidades \/ Ruralities \u2013 3\u00aa edi\u00e7\u00e3o"},"content":{"rendered":"<p><img loading=\"lazy\" decoding=\"async\" class=\"alignnone size-medium wp-image-5738\" src=\"https:\/\/fotografiaportugal.pt\/site\/wp-content\/uploads\/2019\/10\/2ed_k_Ruralidades_1500px-300x228.jpg\" alt=\"\" width=\"300\" height=\"228\" srcset=\"https:\/\/fotografiaportugal.pt\/site\/wp-content\/uploads\/2019\/10\/2ed_k_Ruralidades_1500px-300x228.jpg 300w, https:\/\/fotografiaportugal.pt\/site\/wp-content\/uploads\/2019\/10\/2ed_k_Ruralidades_1500px-1024x778.jpg 1024w, https:\/\/fotografiaportugal.pt\/site\/wp-content\/uploads\/2019\/10\/2ed_k_Ruralidades_1500px-416x316.jpg 416w, https:\/\/fotografiaportugal.pt\/site\/wp-content\/uploads\/2019\/10\/2ed_k_Ruralidades_1500px.jpg 1500w\" sizes=\"auto, (max-width: 300px) 100vw, 300px\" \/><\/p>\n<p><strong>Ruralidades \/ <em>Ruralities<\/em><\/strong><\/p>\n<p>Autor: <em>Jorge Bacelar<\/em><\/p>\n<p>Pref\u00e1cio: <em>Ant\u00f3nio Filipe Pimentel<\/em><\/p>\n<p>Curadoria: Lib\u00f3rio Manuel Silva<\/p>\n<p>Tradu\u00e7\u00e3o: Madalena Caixeiro<\/p>\n<p>P\u00e1g.s: 192 (a cores; capa dura, formato 24,4cm * 32,1cm * 2,2cm; 1,6Kg)<\/p>\n<p>ISBN: 978-989-615-229-1<\/p>\n<p>Idiomas: Portugu\u00eas e Ingl\u00eas<\/p>\n<p>Data de edi\u00e7\u00e3o: Novembro de 2021<\/p>\n<p>Colec\u00e7\u00e3o: Artes<\/p>\n<p>Editora: Centro Atl\u00e2ntico<\/p>\n<p>&nbsp;<\/p>\n<p>Sobre a 2\u00aa edi\u00e7\u00e3o:<\/p>\n<p>A 2\u00aa e 3\u00aa edi\u00e7\u00e3o desta obra inclui todo o conte\u00fado da 1\u00aa edi\u00e7\u00e3o, com as mesmas fotos e nas mesmas dimens\u00f5es. No entanto, a 1\u00aa edi\u00e7\u00e3o continha 136 p\u00e1ginas em branco que na 2\u00aa e 3\u00aa edi\u00e7\u00e3o foram suprimidas, o que permitiu uma edi\u00e7\u00e3o mais leve e com uma lombada menor (passou de 35mm para 22mm).<\/p>\n<p>&nbsp;<\/p>\n<p>Sinopse:<\/p>\n<p>As incr\u00edveis fotografias das gentes do campo, que parecem pinturas com uma dimens\u00e3o b\u00edblica, do veterin\u00e1rio j\u00e1 considerado o principal retratista da ruralidade portuguesa, que tem acumulado pr\u00e9mios e distin\u00e7\u00f5es internacionais como nenhum outro fot\u00f3grafo.<\/p>\n<p>Fotos sumptuosas que nos enchem alma e olhos, parecendo aquecer-nos e iluminar por dentro.<\/p>\n<p>&nbsp;<\/p>\n<p>Sobre o autor:<\/p>\n<p><em>Jorge Bacelar<\/em> nasceu a 1966, em Figueira de Castelo Rodrigo. \u00c9 m\u00e9dico veterin\u00e1rio, exercendo cl\u00ednica de esp\u00e9cies pecu\u00e1rias h\u00e1 mais de vinte anos. Tendo o privil\u00e9gio de conhecer o mundo rural e conviver com pessoas que muito admira, encontrou na fotografia uma forma de enaltecer e perpetuar a imagem dos agricultores, com quem tem uma rela\u00e7\u00e3o familiar, de grande amizade e respeito.<\/p>\n<p>Tem recebido importantes pr\u00e9mios e distin\u00e7\u00f5es pelo seu trabalho fotogr\u00e1fico, tais como: Nomination Award HPA 2015, World Photographic Cup 2016, FEP European Professional Photographer of the Year Awards 2016, 2016 OIE Photo Competition, Documentary Award HPA 2017, Global Photographic Union, Concurso Internacional de Fotografia Transversalidades 2017, Singapura Photo Cup 2017, Photographic Society of America 2017, IUP 5th Anniversary Celebration Photo Circuits 2017.<\/p>\n<p>\u00c9 frequentemente convidado a participar em exposi\u00e7\u00f5es individuais e em programas televisivos culturais para falar do seu trabalho fotogr\u00e1fico.<\/p>\n<p>Oferta de 2 marcadores:<\/p>\n<p><img loading=\"lazy\" decoding=\"async\" class=\"alignnone size-medium wp-image-5669\" src=\"https:\/\/fotografiaportugal.pt\/site\/wp-content\/uploads\/2019\/10\/marcador1_Ruralidades_1000px-300x90.jpg\" alt=\"\" width=\"300\" height=\"90\" srcset=\"https:\/\/fotografiaportugal.pt\/site\/wp-content\/uploads\/2019\/10\/marcador1_Ruralidades_1000px-300x90.jpg 300w, https:\/\/fotografiaportugal.pt\/site\/wp-content\/uploads\/2019\/10\/marcador1_Ruralidades_1000px.jpg 1000w\" sizes=\"auto, (max-width: 300px) 100vw, 300px\" \/><\/p>\n<p><img loading=\"lazy\" decoding=\"async\" class=\"alignnone size-medium wp-image-5670\" src=\"https:\/\/fotografiaportugal.pt\/site\/wp-content\/uploads\/2019\/10\/marcador2_Ruralidades_1000px-300x90.jpg\" alt=\"\" width=\"300\" height=\"90\" srcset=\"https:\/\/fotografiaportugal.pt\/site\/wp-content\/uploads\/2019\/10\/marcador2_Ruralidades_1000px-300x90.jpg 300w, https:\/\/fotografiaportugal.pt\/site\/wp-content\/uploads\/2019\/10\/marcador2_Ruralidades_1000px.jpg 1000w\" sizes=\"auto, (max-width: 300px) 100vw, 300px\" \/><\/p>\n<p><strong>Jorge Bacelar<\/strong>, autor do livro \u00ab<strong>RURALIDADES<\/strong>\u00bb <a href=\"https:\/\/www.tsf.pt\/programa\/um-dia-de-cada-vez\/as-luzes-da-ruralidade-13342434.html\" target=\"_blank\" rel=\"noopener\">entrevistado para o programa \u00ab<strong>Um dia de cada vez<\/strong>\u00bb<\/a>, de Teresa Dias Mendes com sonoriza\u00e7\u00e3o de Jos\u00e9 Guerreiro.<\/p>\n<p><a href=\"https:\/\/www.tsf.pt\/programa\/um-dia-de-cada-vez\/as-luzes-da-ruralidade-13342434.html\" target=\"_blank\" rel=\"noopener\"><img loading=\"lazy\" decoding=\"async\" class=\"alignnone size-medium wp-image-8884\" src=\"https:\/\/fotografiaportugal.pt\/site\/wp-content\/uploads\/2019\/10\/TSF-Jorge_Bacelar-300x62.png\" alt=\"\" width=\"300\" height=\"62\" srcset=\"https:\/\/fotografiaportugal.pt\/site\/wp-content\/uploads\/2019\/10\/TSF-Jorge_Bacelar-300x62.png 300w, https:\/\/fotografiaportugal.pt\/site\/wp-content\/uploads\/2019\/10\/TSF-Jorge_Bacelar.png 709w\" sizes=\"auto, (max-width: 300px) 100vw, 300px\" \/><\/a><\/p>\n","protected":false},"excerpt":{"rendered":"<p><em>As incr\u00edveis fotografias das gentes do campo, que parecem pinturas com uma dimens\u00e3o b\u00edblica, do veterin\u00e1rio j\u00e1 considerado o principal retratista da ruralidade portuguesa, que tem acumulado pr\u00e9mios e distin\u00e7\u00f5es internacionais como nenhum outro fot\u00f3grafo.<\/em><\/p>\n<p><em>Fotos sumptuosas que nos enchem alma e olhos, parecendo aquecer-nos e iluminar por dentro.<\/em><\/p>\n<p>Livro\u00a0\u00ab<strong>Ruralidades \/ Ruralities<\/strong>\u00bb, de <strong>Jorge Bacelar<\/strong>, em\u00a0edi\u00e7\u00e3o <strong>bilingue<\/strong> (em <u>portugu\u00eas<\/u> e em <u>ingl\u00eas<\/u>), em <strong>formato de luxo<\/strong> (capa dura, impress\u00e3o a cores em papel couch\u00e9 silk <strong>170\u00a0<\/strong>grs., formato 24,4cm * 32,1cm * 2,2cm; 1,6Kg), com\u00a0<strong>192\u00a0<\/strong>p\u00e1ginas. <strong>Portes gratuitos<\/strong> e envio imediato ap\u00f3s confirma\u00e7\u00e3o de transfer\u00eancia banc\u00e1ria. <strong>Oferta<\/strong> de <span style=\"text-decoration: underline;\">marcadores<\/span>.<\/p>\n","protected":false},"featured_media":5739,"comment_status":"closed","ping_status":"closed","template":"","meta":[],"product_brand":[],"product_cat":[7,103],"product_tag":[214,212,15,208,209,205,211,213,206,207,210],"class_list":{"0":"post-5628","1":"product","2":"type-product","3":"status-publish","4":"has-post-thumbnail","6":"product_cat-livros","7":"product_cat-livros-capa-dura-luxo","8":"product_tag-agricultores","9":"product_tag-figueira-de-castelo-rodrigo","10":"product_tag-fotografia","11":"product_tag-fotografias","12":"product_tag-gentes-do-campo","13":"product_tag-jorge-bacelar","14":"product_tag-medico-veterinario","15":"product_tag-mundo-rural","16":"product_tag-ruralidades","17":"product_tag-ruralities","18":"product_tag-veterinario","20":"first","21":"outofstock","22":"shipping-taxable","23":"purchasable","24":"product-type-simple"},"_links":{"self":[{"href":"https:\/\/fotografiaportugal.pt\/site\/wp-json\/wp\/v2\/product\/5628","targetHints":{"allow":["GET"]}}],"collection":[{"href":"https:\/\/fotografiaportugal.pt\/site\/wp-json\/wp\/v2\/product"}],"about":[{"href":"https:\/\/fotografiaportugal.pt\/site\/wp-json\/wp\/v2\/types\/product"}],"replies":[{"embeddable":true,"href":"https:\/\/fotografiaportugal.pt\/site\/wp-json\/wp\/v2\/comments?post=5628"}],"wp:featuredmedia":[{"embeddable":true,"href":"https:\/\/fotografiaportugal.pt\/site\/wp-json\/wp\/v2\/media\/5739"}],"wp:attachment":[{"href":"https:\/\/fotografiaportugal.pt\/site\/wp-json\/wp\/v2\/media?parent=5628"}],"wp:term":[{"taxonomy":"product_brand","embeddable":true,"href":"https:\/\/fotografiaportugal.pt\/site\/wp-json\/wp\/v2\/product_brand?post=5628"},{"taxonomy":"product_cat","embeddable":true,"href":"https:\/\/fotografiaportugal.pt\/site\/wp-json\/wp\/v2\/product_cat?post=5628"},{"taxonomy":"product_tag","embeddable":true,"href":"https:\/\/fotografiaportugal.pt\/site\/wp-json\/wp\/v2\/product_tag?post=5628"}],"curies":[{"name":"wp","href":"https:\/\/api.w.org\/{rel}","templated":true}]}}