{"id":5640,"date":"2019-11-05T20:53:17","date_gmt":"2019-11-05T20:53:17","guid":{"rendered":"http:\/\/fotografiaportugal.pt\/site\/?post_type=product&#038;p=5640"},"modified":"2023-05-18T17:09:04","modified_gmt":"2023-05-18T17:09:04","slug":"castelos-maravilhas-de-portugal-castles-wonders-of-portugal","status":"publish","type":"product","link":"https:\/\/fotografiaportugal.pt\/site\/shop\/livros\/castelos-maravilhas-de-portugal-castles-wonders-of-portugal\/","title":{"rendered":"Castelos \u2013 Maravilhas de Portugal \/ Castles \u2013 Wonders of Portugal, Vol. I"},"content":{"rendered":"<p><img loading=\"lazy\" decoding=\"async\" class=\"alignnone size-medium wp-image-5642\" src=\"https:\/\/fotografiaportugal.pt\/site\/wp-content\/uploads\/2019\/11\/capa-livro-ca-castelos_600px-228x300.jpg\" alt=\"\" width=\"228\" height=\"300\" srcset=\"https:\/\/fotografiaportugal.pt\/site\/wp-content\/uploads\/2019\/11\/capa-livro-ca-castelos_600px-228x300.jpg 228w, https:\/\/fotografiaportugal.pt\/site\/wp-content\/uploads\/2019\/11\/capa-livro-ca-castelos_600px.jpg 456w, https:\/\/fotografiaportugal.pt\/site\/wp-content\/uploads\/2019\/11\/capa-livro-ca-castelos_600px-416x547.jpg 416w\" sizes=\"auto, (max-width: 228px) 100vw, 228px\" \/><\/p>\n<p><strong>Castelos \u2013 Maravilhas de Portugal \/ Castles \u2013 Wonders of Portugal<\/strong>, Vol.<strong> I<\/strong><\/p>\n<p><strong><b>Fotografia \/\u00a0<em>Photography<\/em>:\u00a0<\/b><\/strong>Lib\u00f3rio Manuel Silva<\/p>\n<p><strong><b>Texto \/\u00a0<em>Text<\/em>:\u00a0<\/b><\/strong>Miguel Gomes Martins<\/p>\n<p><strong><b>Pref\u00e1cio<\/b><\/strong>\u00a0\/\u00a0<strong><em><b><i>Foreword<\/i><\/b><\/em><\/strong>: Jo\u00e3o Gouveia Monteiro<\/p>\n<p><strong><b>Tradu\u00e7\u00e3o e revis\u00e3o da tradu\u00e7\u00e3o \/\u00a0<em><i>English translation<\/i><\/em>:\u00a0<\/b><\/strong>David Hardisty e Margarida Fernandes<\/p>\n<p><strong><b>P\u00e1g.s<\/b><\/strong>: 156 (a cores; capa dura, formato 24,8 cm * 32,3 cm)<\/p>\n<p><strong><b>1.\u00aa Edi\u00e7\u00e3o<\/b><\/strong>\u00a0\/\u00a0<strong><em><b><i>1st Edition<\/i><\/b><\/em><\/strong>: Outubro 2019<\/p>\n<p><strong><b>ISBN<\/b><\/strong>: 978-989-615-227-7<\/p>\n<p><strong><b>Editora \/\u00a0<em><i>Published by<\/i><\/em><\/b><\/strong>: Centro Atl\u00e2ntico, Lda.<\/p>\n<p><img loading=\"lazy\" decoding=\"async\" class=\"alignnone size-medium wp-image-5643\" src=\"https:\/\/fotografiaportugal.pt\/site\/wp-content\/uploads\/2019\/11\/k3D_Castelos_2_1500px-300x296.jpg\" alt=\"\" width=\"300\" height=\"296\" srcset=\"https:\/\/fotografiaportugal.pt\/site\/wp-content\/uploads\/2019\/11\/k3D_Castelos_2_1500px-300x296.jpg 300w, https:\/\/fotografiaportugal.pt\/site\/wp-content\/uploads\/2019\/11\/k3D_Castelos_2_1500px-1024x1011.jpg 1024w, https:\/\/fotografiaportugal.pt\/site\/wp-content\/uploads\/2019\/11\/k3D_Castelos_2_1500px-188x186.jpg 188w, https:\/\/fotografiaportugal.pt\/site\/wp-content\/uploads\/2019\/11\/k3D_Castelos_2_1500px-416x411.jpg 416w, https:\/\/fotografiaportugal.pt\/site\/wp-content\/uploads\/2019\/11\/k3D_Castelos_2_1500px.jpg 1500w\" sizes=\"auto, (max-width: 300px) 100vw, 300px\" \/><\/p>\n<h4>\u201cN\u00c3O TENHA O LEITOR A MENOR D\u00daVIDA: FOI \u00c0 SOMBRA DESTAS FORTIFICA\u00c7\u00d5ES QUE SE ESCREVEU GRANDE PARTE DA SECULAR HIST\u00d3RIA PORTUGUESA.\u201d<\/h4>\n<h4>\/<\/h4>\n<h4>\u201cTHE READER SHOULD BE IN NO DOUBT: IT WAS IN THE SHADOW OF THESE FORTIFICATIONS THAT MUCH OF THE LONG PORTUGUESE HISTORY WAS WRITTEN.\u201d<\/h4>\n<p><img loading=\"lazy\" decoding=\"async\" class=\"alignnone size-medium wp-image-5641\" src=\"https:\/\/fotografiaportugal.pt\/site\/wp-content\/uploads\/2019\/11\/k3D_Castelos_1b_1500px-300x236.jpg\" alt=\"\" width=\"300\" height=\"236\" srcset=\"https:\/\/fotografiaportugal.pt\/site\/wp-content\/uploads\/2019\/11\/k3D_Castelos_1b_1500px-300x236.jpg 300w, https:\/\/fotografiaportugal.pt\/site\/wp-content\/uploads\/2019\/11\/k3D_Castelos_1b_1500px-1024x804.jpg 1024w, https:\/\/fotografiaportugal.pt\/site\/wp-content\/uploads\/2019\/11\/k3D_Castelos_1b_1500px-672x528.jpg 672w, https:\/\/fotografiaportugal.pt\/site\/wp-content\/uploads\/2019\/11\/k3D_Castelos_1b_1500px.jpg 1500w\" sizes=\"auto, (max-width: 300px) 100vw, 300px\" \/><\/p>\n<h2>DESCRI\u00c7\u00c3O<\/h2>\n<p>Os castelos t\u00eam ainda hoje uma presen\u00e7a muito marcante na paisagem portuguesa e povoam a nossa imagina\u00e7\u00e3o com hist\u00f3rias de mouras encantadas e de valentes guerreiros. Quer mantenham a sua silhueta altaneira, quer estejam em ru\u00ednas, eles continuam a ter muito para nos revelar sobre os homens que os ergueram, que os protegeram e, por fim, que os abandonaram.<\/p>\n<p>Este livro, com as belas imagens de Lib\u00f3rio Manuel Silva e o texto informado e rigoroso de Miguel Gomes Martins (um especialista consagrado da arte militar medieval), constitui uma viagem pela hist\u00f3ria maravilhosa dos castelos medievais portugueses. Uma jornada de Bragan\u00e7a a Silves, passando por todas as outras regi\u00f5es do pa\u00eds.<\/p>\n<p>\/<\/p>\n<p>Castles still play a significant role in the Portuguese landscape and populate our imagination with stories of enchanted Moors and brave warriors. Whether they maintain their towering silhouette or are in ruins, they still have much to tell us about the individuals who built them, who protected them and, ultimately, who abandoned them.<\/p>\n<p>This book, with the beautiful images of Lib\u00f3rio Manuel Silva and the thorough and informed text by Miguel Gomes Martins (a renowned expert in medieval military art), constitutes a journey through the wonderful history of Portuguese medieval castles. A journey from Bragan\u00e7a to Silves, passing through all the other regions of the country.<\/p>\n<p><em>Prof. Doutor Jo\u00e3o Gouveia Monteiro<\/em><\/p>\n<p><img loading=\"lazy\" decoding=\"async\" class=\"alignnone size-medium wp-image-5657\" src=\"https:\/\/fotografiaportugal.pt\/site\/wp-content\/uploads\/2019\/11\/capa-livro-ca_castelos_3D_1500px-300x249.jpg\" alt=\"\" width=\"300\" height=\"249\" srcset=\"https:\/\/fotografiaportugal.pt\/site\/wp-content\/uploads\/2019\/11\/capa-livro-ca_castelos_3D_1500px-300x249.jpg 300w, https:\/\/fotografiaportugal.pt\/site\/wp-content\/uploads\/2019\/11\/capa-livro-ca_castelos_3D_1500px-1024x851.jpg 1024w, https:\/\/fotografiaportugal.pt\/site\/wp-content\/uploads\/2019\/11\/capa-livro-ca_castelos_3D_1500px-416x346.jpg 416w, https:\/\/fotografiaportugal.pt\/site\/wp-content\/uploads\/2019\/11\/capa-livro-ca_castelos_3D_1500px.jpg 1500w\" sizes=\"auto, (max-width: 300px) 100vw, 300px\" \/><\/p>\n<p>(imagem de <u>capa<\/u> e de <u>contracapa<\/u> do livro \u00ab<strong>Castelos \u2013 Maravilhas de Portugal \/ Castles \u2013 Wonders of Portugal<\/strong>\u00bb)<\/p>\n<p><strong><b>Castelos Maravilhas de Portugal <\/b><\/strong>\u00e9 uma marca registada pela editora Centro Atl\u00e2ntico \/ <em><i>is a registered trademark of Centro Atl\u00e2ntico.<\/i><\/em><i><\/i><\/p>\n<p>Marcadores:<\/p>\n<table style=\"height: 351px;\" width=\"266\">\n<tbody>\n<tr>\n<td width=\"288\"><img loading=\"lazy\" decoding=\"async\" class=\"alignnone size-medium wp-image-5667\" src=\"https:\/\/fotografiaportugal.pt\/site\/wp-content\/uploads\/2019\/11\/marcador3_Castelos_1000px-91x300.jpg\" alt=\"\" width=\"91\" height=\"300\" \/><\/td>\n<td width=\"288\"><img loading=\"lazy\" decoding=\"async\" class=\"alignnone size-medium wp-image-5668\" src=\"https:\/\/fotografiaportugal.pt\/site\/wp-content\/uploads\/2019\/11\/marcador4_Castelos_1000px-91x300.jpg\" alt=\"\" width=\"91\" height=\"300\" \/><\/td>\n<\/tr>\n<\/tbody>\n<\/table>\n<p>Prazo de entrega: 8 dias \u00fateis (portes gratuitos).<\/p>\n","protected":false},"excerpt":{"rendered":"<p>\u201c<strong>N\u00e3o tenha o leitor a menor d\u00favida: foi \u00e0 sombra destas fortifica\u00e7\u00f5es que se escreveu grande parte da secular hist\u00f3ria portuguesa.<\/strong>\u201d\u00a0\/ \u201c<strong>The reader should be in no doubt: it was in the shadow of these fortifications that much of the long portuguese history was written.<\/strong>\u201d<\/p>\n<p>Livro\u00a0\u00ab<strong>Castelos \u2013 Maravilhas de Portugal \/ Castles \u2013 Wonders of Portugal<\/strong>\u00bb, Vol. <strong>I<\/strong>, em edi\u00e7\u00e3o <strong>bilingue<\/strong> (em <u>portugu\u00eas<\/u> e em <u>ingl\u00eas<\/u>), em <strong>formato de luxo<\/strong> (capa dura, impress\u00e3o a cores em papel couch\u00e9 silk <strong>170\u00a0<\/strong>grs., formato <strong>24,8 * 32,3<\/strong>\u00a0cm), com\u00a0<strong>156\u00a0<\/strong>p\u00e1ginas. <strong>Portes gratuitos<\/strong>\u00a0de envio para qualquer morada em Portugal.\u00a0<strong>Oferta<\/strong> de marcadores de livros.<\/p>\n","protected":false},"featured_media":5641,"comment_status":"closed","ping_status":"closed","template":"","meta":[],"product_brand":[],"product_cat":[185,181,7,103,180,138,147],"product_tag":[215,217,216,218],"class_list":{"0":"post-5640","1":"product","2":"type-product","3":"status-publish","4":"has-post-thumbnail","6":"product_cat-best-sellers-para-turistas-for-tourists","7":"product_cat-liborio-manuel-silva","8":"product_cat-livros","9":"product_cat-livros-capa-dura-luxo","10":"product_cat-natal","11":"product_cat-photography-of-portugal","12":"product_cat-top-10","13":"product_tag-castelos","14":"product_tag-castles","15":"product_tag-maravilhas-de-portugal","16":"product_tag-wonders-of-portugal","18":"first","19":"instock","20":"sale","21":"shipping-taxable","22":"purchasable","23":"product-type-simple"},"_links":{"self":[{"href":"https:\/\/fotografiaportugal.pt\/site\/wp-json\/wp\/v2\/product\/5640","targetHints":{"allow":["GET"]}}],"collection":[{"href":"https:\/\/fotografiaportugal.pt\/site\/wp-json\/wp\/v2\/product"}],"about":[{"href":"https:\/\/fotografiaportugal.pt\/site\/wp-json\/wp\/v2\/types\/product"}],"replies":[{"embeddable":true,"href":"https:\/\/fotografiaportugal.pt\/site\/wp-json\/wp\/v2\/comments?post=5640"}],"wp:featuredmedia":[{"embeddable":true,"href":"https:\/\/fotografiaportugal.pt\/site\/wp-json\/wp\/v2\/media\/5641"}],"wp:attachment":[{"href":"https:\/\/fotografiaportugal.pt\/site\/wp-json\/wp\/v2\/media?parent=5640"}],"wp:term":[{"taxonomy":"product_brand","embeddable":true,"href":"https:\/\/fotografiaportugal.pt\/site\/wp-json\/wp\/v2\/product_brand?post=5640"},{"taxonomy":"product_cat","embeddable":true,"href":"https:\/\/fotografiaportugal.pt\/site\/wp-json\/wp\/v2\/product_cat?post=5640"},{"taxonomy":"product_tag","embeddable":true,"href":"https:\/\/fotografiaportugal.pt\/site\/wp-json\/wp\/v2\/product_tag?post=5640"}],"curies":[{"name":"wp","href":"https:\/\/api.w.org\/{rel}","templated":true}]}}