{"id":5705,"date":"2019-12-20T19:05:21","date_gmt":"2019-12-20T19:05:21","guid":{"rendered":"http:\/\/fotografiaportugal.pt\/site\/?post_type=product&#038;p=5705"},"modified":"2024-01-01T19:33:02","modified_gmt":"2024-01-01T19:33:02","slug":"braga-cidade-bimilenar-a-bimillennial-city-2a-edicao-2nd-edition","status":"publish","type":"product","link":"https:\/\/fotografiaportugal.pt\/site\/shop\/livros\/braga-cidade-bimilenar-a-bimillennial-city-2a-edicao-2nd-edition\/","title":{"rendered":"BRAGA \u2013 Cidade bimilenar \/ A bimillennial city (2\u00aa edi\u00e7\u00e3o \/ 2nd edition)"},"content":{"rendered":"<p><img loading=\"lazy\" decoding=\"async\" class=\"alignnone size-medium wp-image-5706\" src=\"https:\/\/fotografiaportugal.pt\/site\/wp-content\/uploads\/2019\/12\/2ed_k_Braga_CidadeBimilenar_1000px-228x300.jpg\" alt=\"\" width=\"228\" height=\"300\" srcset=\"https:\/\/fotografiaportugal.pt\/site\/wp-content\/uploads\/2019\/12\/2ed_k_Braga_CidadeBimilenar_1000px-228x300.jpg 228w, https:\/\/fotografiaportugal.pt\/site\/wp-content\/uploads\/2019\/12\/2ed_k_Braga_CidadeBimilenar_1000px.jpg 760w, https:\/\/fotografiaportugal.pt\/site\/wp-content\/uploads\/2019\/12\/2ed_k_Braga_CidadeBimilenar_1000px-416x547.jpg 416w\" sizes=\"auto, (max-width: 228px) 100vw, 228px\" \/><\/p>\n<p><strong>Fotografia \/ Photography<\/strong>: Lib\u00f3rio Manuel Silva<\/p>\n<p><strong>Pr\u00f3logo \/ Prologue<\/strong>: Miguel Sopas de Melo Bandeira<\/p>\n<p><strong>Legendas \/ Images subtitles<\/strong>: Lib\u00f3rio Manuel Silva<\/p>\n<p><strong>P\u00e1g.s<\/strong>: 168 (a cores; capa dura, formato 24,5 * 32,1 cm)<\/p>\n<p><strong>ISBN da 2\u00aa edi\u00e7\u00e3o<\/strong>: 978-989-615-230-7<\/p>\n<p><strong>Idiomas \/ Languages<\/strong>: Portugu\u00eas e Ingl\u00eas<\/p>\n<p><strong>Data da 2\u00aa edi\u00e7\u00e3o \/ 2nd edition<\/strong>: Dezembro\/2019<\/p>\n<p><strong>Colec\u00e7\u00e3o<\/strong>\u00a0<strong>\/ Collection<\/strong>: Artes<\/p>\n<h2>DESCRI\u00c7\u00c3O<\/h2>\n<p>Convidamos-vos a estrangeirar por esta terra de proximidades, deambulando como um\u00a0<em>fl\u00e2neur,<\/em>\u00a0nesta Braga simultaneamente pag\u00e3 e crist\u00e3, como j\u00e1 n\u00e3o se v\u00ea por a\u00ed, com todo o tempo do mundo, errante, apaixonado, caminhando inc\u00f3gnito por entre a multid\u00e3o, para nos projetarmos nos outros, com quem trocamos o olhar fugaz, \u00e0s vezes esbo\u00e7ando uma sauda\u00e7\u00e3o, mas tamb\u00e9m mirando para dentro de n\u00f3s, diluindo-nos na paisagem.<\/p>\n<p>&lt;&gt;<\/p>\n<p>We invite you to be a stranger in this land of proximity, ambling like a\u00a0<em>fl\u00e2neur<\/em>, in this Braga, both pagan and Christian as rarely seen today: with all the time in the world, wandering, errant, in love. Walking unrecognised among the crowd, only to recognise ourselves in others through a fleeting glance, sometimes the semblance of a greeting, but also turning inward, blending in with the landscape.<\/p>\n","protected":false},"excerpt":{"rendered":"<p>(edi\u00e7\u00e3o bilingue, de luxo, em capa dura, com sobrecapa)<\/p>\n","protected":false},"featured_media":5707,"comment_status":"closed","ping_status":"closed","template":"","meta":[],"product_brand":[],"product_cat":[130,181,7,103],"product_tag":[31,219],"class_list":{"0":"post-5705","1":"product","2":"type-product","3":"status-publish","4":"has-post-thumbnail","6":"product_cat-especial-braga","7":"product_cat-liborio-manuel-silva","8":"product_cat-livros","9":"product_cat-livros-capa-dura-luxo","10":"product_tag-braga","11":"product_tag-cidade-bimilenar","13":"first","14":"outofstock","15":"shipping-taxable","16":"purchasable","17":"product-type-simple"},"_links":{"self":[{"href":"https:\/\/fotografiaportugal.pt\/site\/wp-json\/wp\/v2\/product\/5705","targetHints":{"allow":["GET"]}}],"collection":[{"href":"https:\/\/fotografiaportugal.pt\/site\/wp-json\/wp\/v2\/product"}],"about":[{"href":"https:\/\/fotografiaportugal.pt\/site\/wp-json\/wp\/v2\/types\/product"}],"replies":[{"embeddable":true,"href":"https:\/\/fotografiaportugal.pt\/site\/wp-json\/wp\/v2\/comments?post=5705"}],"wp:featuredmedia":[{"embeddable":true,"href":"https:\/\/fotografiaportugal.pt\/site\/wp-json\/wp\/v2\/media\/5707"}],"wp:attachment":[{"href":"https:\/\/fotografiaportugal.pt\/site\/wp-json\/wp\/v2\/media?parent=5705"}],"wp:term":[{"taxonomy":"product_brand","embeddable":true,"href":"https:\/\/fotografiaportugal.pt\/site\/wp-json\/wp\/v2\/product_brand?post=5705"},{"taxonomy":"product_cat","embeddable":true,"href":"https:\/\/fotografiaportugal.pt\/site\/wp-json\/wp\/v2\/product_cat?post=5705"},{"taxonomy":"product_tag","embeddable":true,"href":"https:\/\/fotografiaportugal.pt\/site\/wp-json\/wp\/v2\/product_tag?post=5705"}],"curies":[{"name":"wp","href":"https:\/\/api.w.org\/{rel}","templated":true}]}}