{"id":874,"date":"2015-07-23T22:58:57","date_gmt":"2015-07-23T22:58:57","guid":{"rendered":"http:\/\/fotografiaportugal.pt\/site\/?post_type=product&#038;p=874"},"modified":"2017-07-12T18:28:14","modified_gmt":"2017-07-12T18:28:14","slug":"dark-sky-alqueva-o-destino-das-estrelas-a-star-destination","status":"publish","type":"product","link":"https:\/\/fotografiaportugal.pt\/site\/shop\/especial-astronomia-e-astrofotografia\/dark-sky-alqueva-o-destino-das-estrelas-a-star-destination\/","title":{"rendered":"Dark Sky Alqueva \u2013 O Destino das Estrelas \/ A Star Destination"},"content":{"rendered":"<p><strong>LIVRO ESGOTADO.<\/strong><\/p>\n<p><strong>Edi\u00e7\u00e3o totalmente vendida. O livro encontra-se esgotado.<\/strong><\/p>\n<p>&nbsp;<\/p>\n<p><img loading=\"lazy\" decoding=\"async\" class=\"alignnone size-medium wp-image-875\" src=\"https:\/\/fotografiaportugal.pt\/site\/wp-content\/uploads\/2015\/07\/capa-livro-ca-darksky_1000px-226x300.jpg\" alt=\"capa-livro-ca-darksky_1000px\" width=\"226\" height=\"300\" srcset=\"https:\/\/fotografiaportugal.pt\/site\/wp-content\/uploads\/2015\/07\/capa-livro-ca-darksky_1000px-226x300.jpg 226w, https:\/\/fotografiaportugal.pt\/site\/wp-content\/uploads\/2015\/07\/capa-livro-ca-darksky_1000px-770x1024.jpg 770w, https:\/\/fotografiaportugal.pt\/site\/wp-content\/uploads\/2015\/07\/capa-livro-ca-darksky_1000px-140x186.jpg 140w, https:\/\/fotografiaportugal.pt\/site\/wp-content\/uploads\/2015\/07\/capa-livro-ca-darksky_1000px.jpg 1000w\" sizes=\"auto, (max-width: 226px) 100vw, 226px\" \/><\/p>\n<p><strong><b>Dark Sky Alqueva \u2013 O Destino das Estrelas \/ A Star Destination<\/b><\/strong><\/p>\n<p>Autor: Miguel Claro<\/p>\n<p>ISBN: 978-989-615-204-8<\/p>\n<p>160 p\u00e1gs. (a cores, em edi\u00e7\u00e3o de luxo: capa dura com sobrecapa)<\/p>\n<p>PVP: 28,85 Eur<\/p>\n<p>Colec\u00e7\u00e3o: Artes<\/p>\n<p>1.\u00aa edi\u00e7\u00e3o: 17 de Agosto<\/p>\n<p><b><\/b>A Terra est\u00e1 na zona habit\u00e1vel do Sol. Gerou vida inteligente e curiosa, deliciada com o mundo, mas a sua pr\u00f3pria evolu\u00e7\u00e3o retirou-lhe o c\u00e9u estrelado que a envolveu at\u00e9 h\u00e1 poucas centenas de anos.<\/p>\n<p>Este parapeito fabuloso est\u00e1 repleto de luz e movimento, mas o que o rodeia ficou ofuscado pelo seu pr\u00f3prio brilho: nos nossos dias a maioria das pessoas nunca viu a Via L\u00e1ctea.<\/p>\n<p>Para combater a polui\u00e7\u00e3o luminosa, culpada por este apag\u00e3o do c\u00e9u, foi criada a Reserva <strong><b>Dark Sky<sup>\u00ae<\/sup> Alqueva<\/b><\/strong>, no Alentejo, o primeiro destino do mundo certificado como \u201cDestino Tur\u00edstico Starlight\u201d por parte da Funda\u00e7\u00e3o Starlight, apoiada pela UNESCO e pela Organiza\u00e7\u00e3o Mundial de Turismo das Na\u00e7\u00f5es Unidas. Nesta zona \u00e9 poss\u00edvel observar o c\u00e9u dos nossos antepassados e a din\u00e2mica celeste que ocorre ao longo de uma noite num registo astro fotogr\u00e1fico. \u00c9 uma das formas de mostrar e comunicar ao mundo a import\u00e2ncia da astronomia, enfatizando a grandiosidade do patrim\u00f3nio arquitect\u00f3nico, cultural e paisag\u00edstico, numa uni\u00e3o entre o c\u00e9u e a terra, uma simbiose perfeita em que atrav\u00e9s da express\u00e3o fotogr\u00e1fica \u201cbeleza, ci\u00eancia e arte\u201d, caminharam lado-a-lado, permitindo registar imagens desde fen\u00f3menos celestes como o Airglow e a Luz Zodiacal, \u00e0 deslumbrante presen\u00e7a da Via L\u00e1ctea, que repleta de enxames de estrelas, nebulosas e poeira interestelar, se vai tornar inesquec\u00edvel. Fotografar o c\u00e9u, escrever com luz, \u00e9 uma das formas mais eficazes de comunicar ci\u00eancia.<\/p>\n<p>Venha ver por si.<\/p>\n<p>Earth is in the Sun&#8217;s habitable zone. It has generated life that is both intelligent and curious, delighted with the world. But the very evolution of life has stripped it of the star-filled sky which covered it until a few centuries ago. This fabulous &#8220;parapet&#8221; is full of light and movement, but what surrounds it is hidden by its own brilliance. Today, most people have never seen the Milky Way. In order to combat this light pollution, which is responsible for extinguishing the sky, the Alqueva Dark Sky\u00ae Reserve was created in the Alentejo, the first destination in the world to be designated as a Starlight Tourist Destination by the Starlight Foundation, supported by UNESCO and the United Nations World Tourism Organization (UNWTO). Here, in this astro photographic record, it is possible to observe the sky of our ancestors and the celestial dynamics that occur throughout one night. It is one of the ways to demonstrate and to communicate to the world the importance of Astronomy, and at the same time highlight a heritage of architecture, culture and landscape in a union of earth and sky. It is a perfect symbiosis where, through photographic expression, beauty, science and art walk side by side, allowing the recording of images ranging from celestial phenomena such as Airglow and Zodiacal Light to the wonderful presence of the Milky Way, full of star clusters, Nebulae and interstellar dust, making it all so unforgettable. Photographing the sky, writing with light, is one of the most efficient ways of communicating science. Come and see for yourself.<\/p>\n<p><strong><b>\u00a0<\/b><\/strong><\/p>\n<p><img loading=\"lazy\" decoding=\"async\" class=\"alignnone size-full wp-image-165\" src=\"https:\/\/fotografiaportugal.pt\/site\/wp-content\/uploads\/2015\/04\/01-ASTROFOTOGRAFIA_miguel-retrato.jpg\" alt=\"01 - ASTROFOTOGRAFIA_miguel-retrato\" width=\"200\" height=\"234\" srcset=\"https:\/\/fotografiaportugal.pt\/site\/wp-content\/uploads\/2015\/04\/01-ASTROFOTOGRAFIA_miguel-retrato.jpg 200w, https:\/\/fotografiaportugal.pt\/site\/wp-content\/uploads\/2015\/04\/01-ASTROFOTOGRAFIA_miguel-retrato-159x186.jpg 159w\" sizes=\"auto, (max-width: 200px) 100vw, 200px\" \/><\/p>\n<p><strong><b>Miguel Claro<\/b><\/strong> \u00e9 fot\u00f3grafo profissional, autor e comunicador de divulga\u00e7\u00e3o cient\u00edfica na \u00e1rea da Astronomia. \u00c9 tamb\u00e9m o astrofot\u00f3grafo oficial da Reserva Dark Sky\u00ae Alqueva e membro da equipa de formadores Fotonature. Colabora ainda com a revista <em><i>National Geographic Portugal<\/i><\/em>, com a <em><i>Ciel et Espace<\/i><\/em> e com a <em><i>Astronomy magazine<\/i><\/em>. \u00c9 j\u00fari presidente do concurso internacional de fotografia nocturna Photo Nightscape Award &#8211; PNA que se realiza anualmente em Paris. J\u00e1 foi conferencista em duas edi\u00e7\u00f5es TEDx em Lisboa e Caldas da Rainha e \u00e9 autor da obra <strong><b>Astrofotografia &#8211; Imagens \u00e0 Luz das Estrelas<\/b><\/strong>, publicada pela editora Centro Atl\u00e2ntico. Protagonista de um artigo Best Edit na <em><i>National Geographic<\/i><\/em>, j\u00e1 recebeu duas nomea\u00e7\u00f5es para Astronomy Photographer of the Year pelo Royal Observatory of Greenwich. As suas imagens t\u00eam percorrido o mundo, publicadas em diversos meios de comunica\u00e7\u00e3o social, nas mais prestigiadas revistas e em p\u00e1ginas internacionais, como a Astronomy Picture of the Day da NASA.<\/p>\n<p>&nbsp;<\/p>\n<p><strong><b>Miguel Claro<\/b><\/strong> is a professional photographer, author and science communicator in Astronomy. He is also the official astrophotographer of the Dark Sky\u00ae Alqueva Reserve and is a member of the photo workshop team Fotonature. He collaborates with the <em><i>National Geographic Portugal<\/i><\/em>, <em><i>Ciel et Espace<\/i><\/em>, and <em><i>Astronomy<\/i><\/em> magazines. He is a jury president of the international competition for night sky photography Photo Nightscape Award \u2013 PNA, held annually in Paris. He has been a lecturer at two TEDx conferences, in Lisbon and Caldas da Rainha. He is the author of <strong><b>Astrofotografia \u2013 Imagens \u00e0 Luz das Estrelas<\/b><\/strong>, published by Centro Atl\u00e2ntico. He featured in an article \u201cBest Edit\u201d in <em><i>National Geographic<\/i><\/em>. He was shortlisted twice for Astronomy Photographer of the Year by the Royal Observatory of Greenwich. His images have travelled the world and have been published in many different media, as well in the most prestigious international magazines and pages, such as Astronomy Picture of the Day by NASA.<\/p>\n<p>&nbsp;<\/p>\n<p><iframe loading=\"lazy\" src=\"https:\/\/www.youtube.com\/embed\/2cV8w0oI1zI\" width=\"560\" height=\"315\" frameborder=\"0\" allowfullscreen=\"allowfullscreen\"><\/iframe><\/p>\n<p>Miguel Claro, autor do livro <a href=\"https:\/\/fotografiaportugal.pt\/site\/shop\/livros\/dark-sky-alqueva-o-destino-das-estrelas-a-star-destination\/\" target=\"_blank\" rel=\"noopener noreferrer\">Dark Sky Alqueva<\/a>, foi o convidado da jornalista Paula Magalh\u00e3es para o programa em directo da TVI24 &#8211; &#8220;Discurso Directo&#8221; das 10h \u00e0s 11h &#8211; Edi\u00e7\u00e3o da manh\u00e3 de 12 de Agosto de 2015, onde esteve tamb\u00e9m o comentador desportivo Fernando Correia.<br \/>\n<iframe loading=\"lazy\" src=\"https:\/\/player.vimeo.com\/video\/120676893\" width=\"500\" height=\"281\" frameborder=\"0\" allowfullscreen=\"allowfullscreen\"><\/iframe><\/p>\n<p class=\"first\">This time lapse sequence shows the beauty of the night sky as a world heritage of the human kind, making the perfect connection with Earth elements from the vantage point of Alqueva region, in Alentejo Portugal. A place that was created to preserve the darkness of the sky that only our ancestors had access few hundred years ago. The &#8220;Dark Sky\u00ae Alqueva&#8221; (darkskyalqueva.com) reserve, was created also thinking in the two thirds of the worlds population that never had the opportunity to observe with their naked eyes, the stunning views of our own Galaxy&#8230;the impressive presence of the Milky Way against a starry sky of about 4500 stars, suspended in each half of our celestial sphere!<\/p>\n<p>Alqueva is the first site in the world to receive the \u201cStarlight Tourism Destination\u201d certification. This certification, awarded by the Starlight Foundation is supported by UNESCO, UNWTO and IAC. Starlight destinations are visitable places characterized by excellent quality for the contemplation of starry skies, and the practice of tourist activities based on this resource.<\/p>\n<p>The region of the Great Lake Alqueva in Alentejo, Portugal is a wonderful place to see the stars, constellations and distant galaxies such as the Milky Way. The unique characteristics of the night sky with a very low rate of light pollution, in the municipalities of Alandroal, Reguengos, Monsaraz, Mour\u00e3o, Barrancos, Portel and Moura ensure the ideal conditions for an excellent observation of the dark sky. In Alqueva the sky has good atmospheric conditions for stargazing most of the year. Such skies are disappearing in Europe, where most of the population has no longer the privilege to observe an unpolluted sky.<\/p>\n<p>Its low level latitude (38degN), minimal light pollution and impressively clear skies provide the astronomy beginner and the expert with unparalleled opportunities to explore the magic and mystery of the night sky.<\/p>\n<p>For the beginner the clarity of the night sky (average of 286 clear nights a year) makes it easier to recognize all the constellations, identify the stars and even spot some deep sky objects with the naked eye. Telescopes and binoculars are also available at key locations to enhance the visual experience and expert guides are on hand to provide information and advice.<\/p>\n<p>For the more experienced observer and expert deep sky objects (galaxies, nebulas and star clusters) are visible down to 52 deg south declination. The low light pollution and clarity of the sky provides a unique opportunity to observe the dimmest deep sky objects and to see the moon and planets in sharp focus.<\/p>\n<p>Astrophotography too can be pursued successfully and dramatically here.<\/p>\n<p>Credit: Time Lapse Images and Editing by @ Miguel Claro &#8211; The official astrophotographer of the great Dark Sky Alqueva reserve &#8211;\u00a0<a href=\"http:\/\/www.miguelclaro.com\/\" target=\"_blank\" rel=\"nofollow noopener noreferrer\">miguelclaro.com<\/a> | <a href=\"http:\/\/www.facebook.com\/Astroarte\" target=\"_blank\" rel=\"nofollow noopener noreferrer\">facebook.com\/Astroarte<\/a><\/p>\n<p>Esta sequ\u00eancia de lapso de tempo mostra a beleza do c\u00e9u nocturno como um patrim\u00f3nio mundial da humanidade, fazendo a conex\u00e3o perfeita com elementos da Terra a partir do ponto de vista da regi\u00e3o do Alqueva, no Alentejo, Portugal. Um lugar que foi criado para preservar a escurid\u00e3o do c\u00e9u que s\u00f3 os nossos antepassados tiveram acesso h\u00e1 algumas centenas de anos atr\u00e1s. A reserva &#8220;Dark Sky\u00ae Alqueva&#8221; (darkskyalqueva.com), foi criada tamb\u00e9m a pensar nos dois ter\u00e7os da popula\u00e7\u00e3o do mundo que nunca teve a oportunidade de observar com seus olhos nus, a vista deslumbrante da nossa pr\u00f3pria gal\u00e1xia &#8230; o impressionante presen\u00e7a da Via L\u00e1ctea contra um c\u00e9u estrelado de cerca de 4500 estrelas, suspensas em cada metade da nossa esfera celeste!<\/p>\n<p>Alqueva \u00e9 o primeiro lugar\u00a0no mundo a receber a certifica\u00e7\u00e3o &#8220;Starlight Tourism Destination&#8221;. Esta certifica\u00e7\u00e3o, atribu\u00edda pela Funda\u00e7\u00e3o Starlight \u00e9 apoiado pela UNESCO, UNWTO e IAC. Os destinos Starlight s\u00e3o locais visit\u00e1veis caracterizadas por excelente qualidade para a contempla\u00e7\u00e3o do c\u00e9u estrelado e a pr\u00e1tica de actividades tur\u00edsticas com base neste recurso.<\/p>\n<p>A regi\u00e3o do Grande Lago do Alqueva, no Alentejo, Portugal \u00e9 um lugar maravilhoso para ver as estrelas, constela\u00e7\u00f5es e gal\u00e1xias distantes, como a Via L\u00e1ctea. As caracter\u00edsticas \u00fanicas do c\u00e9u noturno com uma taxa muito baixa de polui\u00e7\u00e3o luminosa, nos munic\u00edpios de Alandroal, Reguengos, Monsaraz, Mour\u00e3o, Barrancos, Moura e Portel garantir as condi\u00e7\u00f5es ideais para uma excelente observa\u00e7\u00e3o do c\u00e9u escuro. No Alqueva o c\u00e9u tem boas condi\u00e7\u00f5es atmosf\u00e9ricas para observa\u00e7\u00e3o das estrelas a maior parte do ano. Tais c\u00e9us est\u00e3o desaparecendo na Europa, onde a maioria da popula\u00e7\u00e3o j\u00e1 n\u00e3o tem o privil\u00e9gio de observar um c\u00e9u n\u00e3o polu\u00eddo.<\/p>\n<p>Seu baixo n\u00edvel de latitude (38\u00ba Norte), a polui\u00e7\u00e3o luminosa m\u00ednima e c\u00e9us impressionantemente claros providenciam ao amador\u00a0e ao perito em astronomia oportunidades sem paralelo para explorar a magia e o mist\u00e9rio do c\u00e9u nocturno.<\/p>\n<p>Para o iniciante a claridade do c\u00e9u noturno (m\u00e9dia de 286 noites claras por ano) torna mais f\u00e1cil de reconhecer todas as constela\u00e7\u00f5es, identificar as estrelas e at\u00e9 mesmo detectar alguns objectos do c\u00e9u profundo com a olho nu. Telesc\u00f3pios e bin\u00f3culos est\u00e3o igualmente dispon\u00edveis em locais-chave para melhorar a experi\u00eancia de especialistas e guias visuais est\u00e3o \u00e0 disposi\u00e7\u00e3o para fornecer informa\u00e7\u00f5es e conselhos.<\/p>\n<p>Para o observador mais experiente e especialista em objectos do c\u00e9u profundo (gal\u00e1xias, nebulosas e aglomerados de estrelas) s\u00e3o vis\u00edveis at\u00e9 52 graus de declina\u00e7\u00e3o sul. A baixa polui\u00e7\u00e3o luminosa e clareza do c\u00e9u proporciona uma oportunidade \u00fanica para observar as mais escuras objectos do c\u00e9u profundo e ver a lua e os planetas em foco.<\/p>\n<p>Tamb\u00e9m \u00e9 poss\u00edvel fazer astrofotografia com sucesso e de forma dram\u00e1tica aqui.<\/p>\n<p>Cr\u00e9dito: Imagens da sequ\u00eancia de lapso de tempo e edi\u00e7\u00e3o por Miguel Claro &#8211; O astrofot\u00f3grafo oficial da grande reserva Dark Sky Alqueva &#8211; <a href=\"http:\/\/www.miguelclaro.com\/\" target=\"_blank\" rel=\"nofollow noopener noreferrer\">miguelclaro.com<\/a> | <a href=\"http:\/\/www.facebook.com\/Astroarte\" target=\"_blank\" rel=\"nofollow noopener noreferrer\">facebook.com\/Astroarte<\/a><\/p>\n","protected":false},"excerpt":{"rendered":"<p><strong>LIVRO ESGOTADO.<\/strong><\/p>\n<p><strong>Edi\u00e7\u00e3o totalmente vendida. O livro encontra-se esgotado.<\/strong><\/p>\n<p>&nbsp;<\/p>\n<p>A Terra est\u00e1 na zona habit\u00e1vel do Sol. Gerou vida inteligente e curiosa, deliciada com o mundo, mas a sua pr\u00f3pria evolu\u00e7\u00e3o retirou-lhe o c\u00e9u estrelado que a envolveu at\u00e9 h\u00e1 poucas centenas de anos.<\/p>\n<p>Este parapeito fabuloso est\u00e1 repleto de luz e movimento, mas o que o rodeia ficou ofuscado pelo seu pr\u00f3prio brilho: nos nossos dias a maioria das pessoas nunca viu a Via L\u00e1ctea.<\/p>\n<p>Para combater a polui\u00e7\u00e3o luminosa, culpada por este apag\u00e3o do c\u00e9u, foi criada a Reserva <strong><b>Dark Sky<sup>\u00ae<\/sup> Alqueva<\/b><\/strong>, no Alentejo, o primeiro destino do mundo certificado como \u201cDestino Tur\u00edstico Starlight\u201d por parte da Funda\u00e7\u00e3o Starlight, apoiada pela UNESCO e pela Organiza\u00e7\u00e3o Mundial de Turismo das Na\u00e7\u00f5es Unidas. Nesta zona \u00e9 poss\u00edvel observar o c\u00e9u dos nossos antepassados e a din\u00e2mica celeste que ocorre ao longo de uma noite num registo astro fotogr\u00e1fico. \u00c9 uma das formas de mostrar e comunicar ao mundo a import\u00e2ncia da astronomia, enfatizando a grandiosidade do patrim\u00f3nio arquitect\u00f3nico, cultural e paisag\u00edstico, numa uni\u00e3o entre o c\u00e9u e a terra, uma simbiose perfeita em que atrav\u00e9s da express\u00e3o fotogr\u00e1fica \u201cbeleza, ci\u00eancia e arte\u201d, caminharam lado-a-lado, permitindo registar imagens desde fen\u00f3menos celestes como o Airglow e a Luz Zodiacal, \u00e0 deslumbrante presen\u00e7a da Via L\u00e1ctea, que repleta de enxames de estrelas, nebulosas e poeira interestelar, se vai tornar inesquec\u00edvel. Fotografar o c\u00e9u, escrever com luz, \u00e9 uma das formas mais eficazes de comunicar ci\u00eancia.<\/p>\n<p>Venha ver por si.<\/p>\n","protected":false},"featured_media":1391,"comment_status":"closed","ping_status":"closed","template":"","meta":[],"product_brand":[],"product_cat":[119,145],"product_tag":[16,25,27,24,15,20,106],"class_list":{"0":"post-874","1":"product","2":"type-product","3":"status-publish","4":"has-post-thumbnail","6":"product_cat-especial-astronomia-e-astrofotografia","7":"product_cat-miguel-claro","8":"product_tag-astrofotografia","9":"product_tag-astronomia","10":"product_tag-dark-sky-alqueva","11":"product_tag-estrelas","12":"product_tag-fotografia","13":"product_tag-imagem","14":"product_tag-miguel-claro","16":"first","17":"outofstock","18":"shipping-taxable","19":"purchasable","20":"product-type-simple"},"_links":{"self":[{"href":"https:\/\/fotografiaportugal.pt\/site\/wp-json\/wp\/v2\/product\/874","targetHints":{"allow":["GET"]}}],"collection":[{"href":"https:\/\/fotografiaportugal.pt\/site\/wp-json\/wp\/v2\/product"}],"about":[{"href":"https:\/\/fotografiaportugal.pt\/site\/wp-json\/wp\/v2\/types\/product"}],"replies":[{"embeddable":true,"href":"https:\/\/fotografiaportugal.pt\/site\/wp-json\/wp\/v2\/comments?post=874"}],"wp:featuredmedia":[{"embeddable":true,"href":"https:\/\/fotografiaportugal.pt\/site\/wp-json\/wp\/v2\/media\/1391"}],"wp:attachment":[{"href":"https:\/\/fotografiaportugal.pt\/site\/wp-json\/wp\/v2\/media?parent=874"}],"wp:term":[{"taxonomy":"product_brand","embeddable":true,"href":"https:\/\/fotografiaportugal.pt\/site\/wp-json\/wp\/v2\/product_brand?post=874"},{"taxonomy":"product_cat","embeddable":true,"href":"https:\/\/fotografiaportugal.pt\/site\/wp-json\/wp\/v2\/product_cat?post=874"},{"taxonomy":"product_tag","embeddable":true,"href":"https:\/\/fotografiaportugal.pt\/site\/wp-json\/wp\/v2\/product_tag?post=874"}],"curies":[{"name":"wp","href":"https:\/\/api.w.org\/{rel}","templated":true}]}}