{"id":8766,"date":"2020-09-08T08:58:38","date_gmt":"2020-09-08T08:58:38","guid":{"rendered":"http:\/\/fotografiaportugal.pt\/site\/?post_type=product&#038;p=8766"},"modified":"2025-07-01T15:16:18","modified_gmt":"2025-07-01T15:16:18","slug":"lisboa-vista-de-cima-from-above","status":"publish","type":"product","link":"https:\/\/fotografiaportugal.pt\/site\/shop\/livros\/lisboa-vista-de-cima-from-above\/","title":{"rendered":"Lisboa Vista de Cima \/ From Above"},"content":{"rendered":"<p><strong><em>Lisboa vista de cima<\/em><\/strong>\u00a0mostra uma cidade fascinante, afinal desconhecida. Atrav\u00e9s do olhar fotogr\u00e1fico de Lib\u00f3rio Manuel Silva e do conhecimento da evolu\u00e7\u00e3o hist\u00f3rica da cidade por parte do historiador Paulo Almeida Fernandes, cada p\u00e1gina deste livro \u00e9 uma revela\u00e7\u00e3o sobre a cidade que julgamos conhecer.<\/p>\n<p><img loading=\"lazy\" decoding=\"async\" class=\"alignnone size-medium wp-image-8767\" src=\"https:\/\/fotografiaportugal.pt\/site\/wp-content\/uploads\/2020\/09\/kfrente_Lisboa_1250px-229x300.jpg\" alt=\"\" width=\"229\" height=\"300\" srcset=\"https:\/\/fotografiaportugal.pt\/site\/wp-content\/uploads\/2020\/09\/kfrente_Lisboa_1250px-229x300.jpg 229w, https:\/\/fotografiaportugal.pt\/site\/wp-content\/uploads\/2020\/09\/kfrente_Lisboa_1250px-782x1024.jpg 782w, https:\/\/fotografiaportugal.pt\/site\/wp-content\/uploads\/2020\/09\/kfrente_Lisboa_1250px.jpg 954w\" sizes=\"auto, (max-width: 229px) 100vw, 229px\" \/><\/p>\n<p><strong>Fotografia \/\u00a0<em>Photography<\/em>:\u00a0<\/strong>Lib\u00f3rio Manuel Silva<\/p>\n<p><strong>Texto \/\u00a0<em>Text<\/em>:\u00a0<\/strong>Paulo Almeida Fernandes<\/p>\n<p><strong>Tradu\u00e7\u00e3o \/\u00a0<em>English translation<\/em>:\u00a0<\/strong>Timoty Hinchey<\/p>\n<p><strong>P\u00e1g.s:\u00a0<\/strong>156 (a cores; capa dura com sobrecapa; formato 24,4 cm * 32,1 cm * 2 cm; 1,4Kg)<\/p>\n<p><strong>1.\u00aa Edi\u00e7\u00e3o<\/strong>\u00a0\/\u00a0<strong><em>1st Edition<\/em><\/strong>: 10\/Setembro, 2020<\/p>\n<p><strong>ISBN<\/strong>: 978-989-615-231-4<\/p>\n<p><strong>Editora \/\u00a0<em>Published by<\/em><\/strong>: Centro Atl\u00e2ntico<\/p>\n<p><iframe loading=\"lazy\" title=\"Pr\u00e9-lan\u00e7amento \u00abPorto Visto de Cima\/From Above\u00bb+\u00abLisboa Vista de Cima\/From Above\u00bb (Centro Atl\u00e2ntico)\" width=\"980\" height=\"551\" src=\"https:\/\/www.youtube.com\/embed\/aO681U68GiM?feature=oembed\" frameborder=\"0\" allow=\"accelerometer; autoplay; clipboard-write; encrypted-media; gyroscope; picture-in-picture; web-share\" referrerpolicy=\"strict-origin-when-cross-origin\" allowfullscreen><\/iframe><\/p>\n","protected":false},"excerpt":{"rendered":"<p>156 p\u00e1ginas a cores, capa dura com sobrecapa, formato 24,4 cm * 32,1 cm * 2 cm, 1,4Kg<\/p>\n","protected":false},"featured_media":8743,"comment_status":"closed","ping_status":"closed","template":"","meta":[],"product_brand":[],"product_cat":[181,7,103,232],"product_tag":[139,40],"class_list":{"0":"post-8766","1":"product","2":"type-product","3":"status-publish","4":"has-post-thumbnail","6":"product_cat-liborio-manuel-silva","7":"product_cat-livros","8":"product_cat-livros-capa-dura-luxo","9":"product_cat-visto-de-cima","10":"product_tag-lisboa","11":"product_tag-portugal","13":"first","14":"outofstock","15":"shipping-taxable","16":"purchasable","17":"product-type-simple"},"_links":{"self":[{"href":"https:\/\/fotografiaportugal.pt\/site\/wp-json\/wp\/v2\/product\/8766","targetHints":{"allow":["GET"]}}],"collection":[{"href":"https:\/\/fotografiaportugal.pt\/site\/wp-json\/wp\/v2\/product"}],"about":[{"href":"https:\/\/fotografiaportugal.pt\/site\/wp-json\/wp\/v2\/types\/product"}],"replies":[{"embeddable":true,"href":"https:\/\/fotografiaportugal.pt\/site\/wp-json\/wp\/v2\/comments?post=8766"}],"wp:featuredmedia":[{"embeddable":true,"href":"https:\/\/fotografiaportugal.pt\/site\/wp-json\/wp\/v2\/media\/8743"}],"wp:attachment":[{"href":"https:\/\/fotografiaportugal.pt\/site\/wp-json\/wp\/v2\/media?parent=8766"}],"wp:term":[{"taxonomy":"product_brand","embeddable":true,"href":"https:\/\/fotografiaportugal.pt\/site\/wp-json\/wp\/v2\/product_brand?post=8766"},{"taxonomy":"product_cat","embeddable":true,"href":"https:\/\/fotografiaportugal.pt\/site\/wp-json\/wp\/v2\/product_cat?post=8766"},{"taxonomy":"product_tag","embeddable":true,"href":"https:\/\/fotografiaportugal.pt\/site\/wp-json\/wp\/v2\/product_tag?post=8766"}],"curies":[{"name":"wp","href":"https:\/\/api.w.org\/{rel}","templated":true}]}}