{"id":992,"date":"2015-08-13T13:34:23","date_gmt":"2015-08-13T13:34:23","guid":{"rendered":"http:\/\/fotografiaportugal.pt\/site\/?post_type=product&#038;p=992"},"modified":"2016-02-25T21:43:01","modified_gmt":"2016-02-25T21:43:01","slug":"photoshop-layers","status":"publish","type":"product","link":"https:\/\/fotografiaportugal.pt\/site\/shop\/pdf\/photoshop-layers\/","title":{"rendered":"Photoshop \u2013 Layers"},"content":{"rendered":"<p><img loading=\"lazy\" decoding=\"async\" class=\"alignnone size-medium wp-image-993\" src=\"https:\/\/fotografiaportugal.pt\/site\/wp-content\/uploads\/2015\/08\/PS_Layers_FP_BR-212x300.jpg\" alt=\"PS_Layers_FP_BR\" width=\"212\" height=\"300\" srcset=\"https:\/\/fotografiaportugal.pt\/site\/wp-content\/uploads\/2015\/08\/PS_Layers_FP_BR-212x300.jpg 212w, https:\/\/fotografiaportugal.pt\/site\/wp-content\/uploads\/2015\/08\/PS_Layers_FP_BR.jpg 336w, https:\/\/fotografiaportugal.pt\/site\/wp-content\/uploads\/2015\/08\/PS_Layers_FP_BR-71x100.jpg 71w\" sizes=\"auto, (max-width: 212px) 100vw, 212px\" \/><\/p>\n<p><strong>Photoshop \u2013 Trabalhar com Layers<\/strong><\/p>\n<p>Dicas de \u00c2ngela Rodrigues, uma das autoras do livro \u201c<a href=\"https:\/\/fotografiaportugal.pt\/site\/shop\/livros\/adobe-photoshop-cs6\/\"><strong>Adobe Photoshop CS6<\/strong><\/a>&#8221;<\/p>\n<p>\u00c9 fundamental saber usar layers e m\u00e1scaras para trabalhar de forma eficiente e vers\u00e1til em Photoshop.<\/p>\n<p>Neste artigo encontra explica\u00e7\u00f5es sobre o painel Layers, criar e usar m\u00e1scaras, o que s\u00e3o Blend Modes e muito mais.<\/p>\n<p>(documento no formato PDF dispon\u00edvel gratuitamente para utilizadores registados)<\/p>\n<p>&nbsp;<\/p>\n<p>Para mais informa\u00e7\u00f5es, aconselhamos a aquisi\u00e7\u00e3o de:<\/p>\n<p><a href=\"https:\/\/fotografiaportugal.pt\/site\/shop\/livros\/adobe-photoshop-cs6\/\"><img loading=\"lazy\" decoding=\"async\" class=\"alignnone size-full wp-image-170\" src=\"https:\/\/fotografiaportugal.pt\/site\/wp-content\/uploads\/2015\/04\/04-PHOTOSHOP_capa185.gif\" alt=\"04 - PHOTOSHOP_capa185\" width=\"185\" height=\"218\" \/><\/a><\/p>\n<p><a href=\"https:\/\/fotografiaportugal.pt\/site\/shop\/livros\/adobe-photoshop-cs6\/\"><strong>Adobe Photoshop CS6<\/strong><\/a><\/p>\n<p>+ 50 exerc\u00edcios, passo-a-passo, a cores, com oferta de imagens para repetir os exerc\u00edcios no seu computador<\/p>\n<p>Layers, M\u00e1scaras e Selec\u00e7\u00f5es; Smart Objects; Aplicar Filtros; Corrigir Cor; Converter para P&amp;B; Efeitos de sombras e relevos; Vectores; T\u00e9cnicas de retoque; Recuperar fotos antigas; Emagrecer com Liquify; Colorir imagens a P&amp;B; Montagens panor\u00e2micas; Automatismos atrav\u00e9s de Actions.<\/p>\n","protected":false},"excerpt":{"rendered":"<p><strong>Photoshop \u2013 Trabalhar com Layers<\/strong><\/p>\n<p>\u00c9 fundamental saber usar layers e m\u00e1scaras para trabalhar de forma eficiente e vers\u00e1til em Photoshop.<\/p>\n<p>Neste artigo encontra explica\u00e7\u00f5es sobre o painel Layers, criar e usar m\u00e1scaras, o que s\u00e3o Blend Modes e muito mais.<\/p>\n","protected":false},"featured_media":993,"comment_status":"closed","ping_status":"closed","template":"","meta":[],"product_brand":[],"product_cat":[129,115,114],"product_tag":[],"class_list":{"0":"post-992","1":"product","2":"type-product","3":"status-publish","4":"has-post-thumbnail","6":"product_cat-especial-edicao-pos-producao","7":"product_cat-gratuito","8":"product_cat-pdf","9":"product_shipping_class-envio-classe-0","11":"first","12":"instock","13":"downloadable","14":"sold-individually","15":"shipping-taxable","16":"purchasable","17":"product-type-simple"},"_links":{"self":[{"href":"https:\/\/fotografiaportugal.pt\/site\/wp-json\/wp\/v2\/product\/992","targetHints":{"allow":["GET"]}}],"collection":[{"href":"https:\/\/fotografiaportugal.pt\/site\/wp-json\/wp\/v2\/product"}],"about":[{"href":"https:\/\/fotografiaportugal.pt\/site\/wp-json\/wp\/v2\/types\/product"}],"replies":[{"embeddable":true,"href":"https:\/\/fotografiaportugal.pt\/site\/wp-json\/wp\/v2\/comments?post=992"}],"wp:featuredmedia":[{"embeddable":true,"href":"https:\/\/fotografiaportugal.pt\/site\/wp-json\/wp\/v2\/media\/993"}],"wp:attachment":[{"href":"https:\/\/fotografiaportugal.pt\/site\/wp-json\/wp\/v2\/media?parent=992"}],"wp:term":[{"taxonomy":"product_brand","embeddable":true,"href":"https:\/\/fotografiaportugal.pt\/site\/wp-json\/wp\/v2\/product_brand?post=992"},{"taxonomy":"product_cat","embeddable":true,"href":"https:\/\/fotografiaportugal.pt\/site\/wp-json\/wp\/v2\/product_cat?post=992"},{"taxonomy":"product_tag","embeddable":true,"href":"https:\/\/fotografiaportugal.pt\/site\/wp-json\/wp\/v2\/product_tag?post=992"}],"curies":[{"name":"wp","href":"https:\/\/api.w.org\/{rel}","templated":true}]}}